{"id":4757,"date":"2024-05-31T11:31:43","date_gmt":"2024-05-31T08:31:43","guid":{"rendered":"https:\/\/adprmsarat.ro\/platforma\/?page_id=4757"},"modified":"2024-05-31T11:31:43","modified_gmt":"2024-05-31T08:31:43","slug":"nota-de-informare-angajati-vizitatori-privind-monitorizarea-cctv-closed-circuit-television-inregistrari-video-prin-televiziune-cu-circuit-inchis","status":"publish","type":"page","link":"https:\/\/adprmsarat.ro\/platforma\/nota-de-informare-angajati-vizitatori-privind-monitorizarea-cctv-closed-circuit-television-inregistrari-video-prin-televiziune-cu-circuit-inchis\/","title":{"rendered":"NOTA DE INFORMARE ANGAJA\u021aI \/ VIZITATORI privind monitorizarea CCTV (Closed Circuit Television) (\u00eenregistr\u0103ri video prin televiziune cu circuit \u00eenchis)"},"content":{"rendered":"<p><strong>ADMINISTRA\u021aIA DOMENIULUI PUBLIC R\u00c2MNICU S\u0102RAT (ADP RM. S\u0102RAT)<\/strong><\/p>\n<p>Sediul: str. Armoniei, nr. 58 Bis, R\u00e2mnicu S\u0103rat, jude\u021bul Buz\u0103u, cod po\u0219tal 125300<\/p>\n<p>Telefon\/Fax +40238563032, e-mail <a href=\"mailto:contact@adprmsarat.ro\">contact@adprmsarat.ro<\/a>, https:\/\/adprmsarat.ro\/<\/p>\n<p><strong>\u00a0<\/strong><strong>\u00a0<\/strong><\/p>\n<h5 style=\"text-align: center;\"><strong>NOTA DE INFORMARE ANGAJA\u021aI \/ VIZITATORI<\/strong><\/h5>\n<h5 style=\"text-align: center;\">privind monitorizarea CCTV (Closed Circuit Television)<\/h5>\n<h5 style=\"text-align: center;\">(\u00eenregistr\u0103ri video prin televiziune cu circuit \u00eenchis)<\/h5>\n<p><strong>\u00a0<\/strong><\/p>\n<p><strong>DEFINI\u021aII<\/strong><\/p>\n<p>CCTV &#8211; Closed Circuit Television \/ Televiziune cu Circuit \u00cenchis (TVCI)<\/p>\n<p>Ambii termeni, din limbile englez\u0103 \u0219i rom\u00e2n\u0103, descriu no\u021biunea de <strong>supraveghere video, care<\/strong><strong>\u00a0<\/strong>presupune preluarea imaginilor de c\u0103tre camerele video dintr-un punct specific, transmiterea imaginilor c\u0103tre un \u00eenregistrator video, afi\u0219area acestora pe num\u0103r limitat de monitoare \u0219i stocarea informa\u021biei pe un suport de memorie, pentru perioade determinate de timp, conform legisla\u021biei incidente.<\/p>\n<p>&nbsp;<\/p>\n<p>ADP Rm. S\u0103rat, cu sediul \u00een Str. Armoniei, Nr. 58 Bis, R\u00e2mnicu S\u0103rat, Jud. Buz\u0103u, cod po\u0219tal 125300, Rom\u00e2nia, Telefon\/Fax: +40 238 563 032, Email: <a href=\"mailto:contact@adprmsarat.ro\">contact@adprmsarat.ro<\/a>, Web: <a href=\"https:\/\/adprmsarat\/\">https:\/\/adprmsarat\/<\/a>, are desemnat Responsabil cu protec\u021bia datelor (DPO), ce poate fi contactat la adresa de e-mail: <a href=\"mailto:dpo@adprmsarat.ro\">dpo@adprmsarat.ro<\/a><\/p>\n<p>ADP Rm. S\u0103rat, denumit\u0103 \u00een continuare \u201eInstitu\u021bia\u201d, \u00een calitate de Operator astfel cum este definit de GDPR, \u00een scopul determinat de a preveni, descuraja, gestiona \u0219i ancheta incidentele de siguran\u021b\u0103 \u0219i securitate, precum \u0219i pentru protec\u021bia persoanelor \u0219i a bunurilor de incendii, furturi, efrac\u021bii sau de orice alt\u0103 amenin\u021bare, cu poten\u021bial ridicat de risc are instalat \u0219i utilizeaz\u0103 un sistem de monitorizare CCTV.<\/p>\n<p>Spa\u021bii vizate de prelucrarea datelor cu caracter personal \/ loca\u021bii unde sunt amplasate sisteme de monitorizare video:<\/p>\n<ul>\n<li>Sediul ADP Rm. S\u0103rat, str. Armoniei, Nr. 58 Bis, Rm. S\u0103rat, jud. Buz\u0103u, cod po\u0219tal 125300 (accesul \u00een sediu \u0219i perimetrul cur\u021bii interioare)<\/li>\n<li>Sediul Cimitirului Eternitatea, Str. C\u0103pitan Ro\u0219ca Nicolae, nr. 1, Rm. S\u0103rat, jud. Buz\u0103u, cod po\u0219tal 125300 (accesul \u00een sediu \u0219i perimetrul cur\u021bii interioare)<\/li>\n<\/ul>\n<p>Ambele sisteme sunt utilizate \u0219i gestionate de ADP Rm. S\u0103rat, ca Operator de date cu caracter personal, strict \u00een conformitate cu scopurile anterior men\u021bionate \u0219i vizeaz\u0103 doar perimetrele cur\u021bilor interioare ale sediilor de la adresele precizate anterior.<\/p>\n<p>Instalarea camerelor de supraveghere a fost efectuat\u0103 \u00een vederea respect\u0103rii prevederilor Legii nr. 333\/2003 privind paza obiectivelor, bunurilor, valorilor \u0219i protec\u021bia persoanelor (revizuit\u0103 \u0219i ad\u0103ugit\u0103) cu privire la asigurarea securit\u0103\u021bii conform m\u0103surilor dispuse prin analiza de risc obligatorie, dar \u0219i \u00een baza interesului legitim, pentru asigurarea securit\u0103\u021bii celorlalte spa\u021bii \u0219i bunuri din patrimoniul Institu\u021biei. De asemenea, activit\u0103\u021bile sunt \u00een direct\u0103 concordan\u021b\u0103 cu art. 6, alin. 1, litera (c) din Regulamentul UE 679\/2016, privind protec\u021bia persoanelor fizice \u00een ceea ce prive\u0219te prelucrarea datelor cu caracter personal \u0219i privind libera circula\u021bie a acestor date \u0219i de abrogare a Directivei 95\/46\/CE (Regulamentul general privind protec\u021bia datelor).<\/p>\n<p>Camerele video filmeaz\u0103 zonele de acces \u00een sedii \u0219i perimetrul interior al cur\u021bilor de la adresele men\u021bionate mai sus \u0219i nu sunt supravegheate prin camere video spa\u021biile \u00eenchise ale birourilor, grupurile sanitare sau alte spa\u021bii.<\/p>\n<p>Persoanele vizate (persoanele care pot fi surprinse de camerele de supraveghere) sunt aten\u021bionate local prin prezen\u021ba unor pictograme \u00eenso\u021bite de o scurt\u0103 not\u0103 de informare (zona supravegheat\u0103, operatorul de date, date de contact ale acestuia). Imaginile \u00eenregistrate sunt p\u0103strate timp de maxim 30 de zile, pentru sediul din str. Armoniei, nr. 58 Bis, Rm. S\u0103rat, jud. Buz\u0103u, \u0219i timp de maxim 15 zile pentru sediul din str.\u00a0 Cpt. Ro\u0219ca Nicolae, nr. 1, Rm. S\u0103rat, jud. Buz\u0103u. \u00cen cazul \u00een care este necesar\u0103 investigarea unui incident, pentru a investiga o \u00eenc\u0103lcare a datelor sau pentru respectarea cerin\u021belor legale, imaginile \u00eenregistrate vor fi stocate pentru o perioad\u0103 mai mare de timp, justificat\u0103 de necesitatea finaliz\u0103rii cercet\u0103rilor derulate. Imaginile sunt accesibile doar unui num\u0103r limitat de utilizatori cu drept de acces specific, desemna\u021bi de Institu\u021bie, \u00een scop de securitate \u0219i control acces. Pentru prevenirea prelucr\u0103rii ilegale sau a accesului neautorizat, Institu\u021bia a pus \u00een aplicare toate m\u0103surile organizatorice \u0219i tehnice necesare, actualizate \u00een func\u021bie de progresul tehnologic \u00een domeniu.<\/p>\n<p>Informa\u021biile \u00eenregistrate sunt destinate utiliz\u0103rii de c\u0103tre Institu\u021bie, \u00een calitate de operator \u0219i sunt comunicate numai urm\u0103torilor destinatari: persoana vizat\u0103, reprezentan\u021bii legali ai persoanei vizate, autoritatea judec\u0103toreasc\u0103, organe de cercetare \u0219i urm\u0103rire penal\u0103, precum \u0219i alte institu\u021bii abilitate de lege s\u0103 solicite informa\u021bii.<\/p>\n<p>\u00cen cazuri excep\u021bionale, dar cu respectarea garan\u021biilor descrise mai sus, se poate acorda acces Comisiei Disciplinare, \u00een cadrul unei anchete disciplinare, cu condi\u021bia ca informa\u021biile s\u0103 ajute la investigarea unei infrac\u021biuni sau a unei abateri disciplinare de natur\u0103 s\u0103 nu prejudicieze drepturile \u0219i libert\u0103\u021bile unei persoane.<\/p>\n<p>La sediul ADP Rm. S\u0103rat din str. Armoniei, nr. 58 Bis, mun. Rm. S\u0103rat, jud. Buz\u0103u, sistemul de supraveghere prin camere video se completeaz\u0103 cu solu\u021bia de control acces fizic, asigurat de c\u0103tre o firm\u0103 specializat\u0103, care asigur\u0103 accesul autorizat \u0219i gestionarea intr\u0103rilor \u0219i ie\u0219irilor \u00een sediul ADP Rm. S\u0103rat. Accesul \u00een sediul institu\u021biei se face ulterior identific\u0103rii persoanelor de c\u0103tre responsabilii firmei de paz\u0103.<\/p>\n<p>Oricare persoan\u0103 vizat\u0103, care dore\u0219te s\u0103 ob\u021bin\u0103 informa\u021bii suplimentare se poate adresa Responsabilului cu protec\u021bia datelor personale sau poate consulta Politica de supraveghere video a ADP Rm. S\u0103rat. De asemenea, pentru a ob\u021bine informa\u021bii suplimentare cu privire la drepturile sale sau pentru a depune o pl\u00e2ngere referitoare la practicile de control, orice persoan\u0103 se poate adresa responsabilului cu protec\u021bia datelor desemnat la nivelul Institu\u021biei.<\/p>\n<p><strong>Ne pute\u021bi contacta: <\/strong><\/p>\n<ul>\n<li>prin e-mail, pe adresa: <a href=\"mailto:dpo@adprmsarat.ro\">dpo@adprmsarat.ro<\/a><\/li>\n<\/ul>\n<p><strong><em>SAU<\/em><\/strong><\/p>\n<ul>\n<li>prin serviciul po\u0219tal, la adresa: Administra\u021bia Domeniului Public R\u00e2mnicu S\u0103rat, Str. Armoniei nr. 58 bis, R\u00e2mnicu S\u0103rat, Jud. Buz\u0103u, cod po\u0219tal 125300<\/li>\n<\/ul>\n<table>\n<tbody>\n<tr>\n<td width=\"216\"><strong>ULTIMA ACTUALIZARE<\/strong><\/td>\n<td width=\"386\"><strong>\u00a0\u00a0\u00a0\u00a0\u00a0\u00a0\u00a0\u00a0\u00a0\u00a0\u00a0\u00a0\u00a0\u00a0\u00a0\u00a0\u00a0\u00a0\u00a0\u00a0\u00a0\u00a0\u00a0 01.04.2024<\/strong><\/td>\n<\/tr>\n<\/tbody>\n<\/table>\n<p>&nbsp;<\/p>\n","protected":false},"excerpt":{"rendered":"<p>ADMINISTRA\u021aIA DOMENIULUI PUBLIC R\u00c2MNICU S\u0102RAT (ADP RM. S\u0102RAT) Sediul: str. Armoniei, nr. 58 Bis, R\u00e2mnicu S\u0103rat, jude\u021bul Buz\u0103u, cod po\u0219tal 125300 Telefon\/Fax +40238563032, e-mail contact@adprmsarat.ro, https:\/\/adprmsarat.ro\/ \u00a0\u00a0 NOTA DE INFORMARE ANGAJA\u021aI \/ VIZITATORI privind monitorizarea CCTV (Closed Circuit Television) (\u00eenregistr\u0103ri video prin televiziune cu circuit \u00eenchis) \u00a0 DEFINI\u021aII CCTV &#8211; Closed Circuit Television \/ Televiziune [&hellip;]<\/p>\n","protected":false},"author":1,"featured_media":0,"parent":0,"menu_order":0,"comment_status":"closed","ping_status":"closed","template":"","meta":{"footnotes":""},"class_list":["post-4757","page","type-page","status-publish"],"_links":{"self":[{"href":"https:\/\/adprmsarat.ro\/platforma\/wp-json\/wp\/v2\/pages\/4757","targetHints":{"allow":["GET"]}}],"collection":[{"href":"https:\/\/adprmsarat.ro\/platforma\/wp-json\/wp\/v2\/pages"}],"about":[{"href":"https:\/\/adprmsarat.ro\/platforma\/wp-json\/wp\/v2\/types\/page"}],"author":[{"embeddable":true,"href":"https:\/\/adprmsarat.ro\/platforma\/wp-json\/wp\/v2\/users\/1"}],"replies":[{"embeddable":true,"href":"https:\/\/adprmsarat.ro\/platforma\/wp-json\/wp\/v2\/comments?post=4757"}],"version-history":[{"count":1,"href":"https:\/\/adprmsarat.ro\/platforma\/wp-json\/wp\/v2\/pages\/4757\/revisions"}],"predecessor-version":[{"id":4758,"href":"https:\/\/adprmsarat.ro\/platforma\/wp-json\/wp\/v2\/pages\/4757\/revisions\/4758"}],"wp:attachment":[{"href":"https:\/\/adprmsarat.ro\/platforma\/wp-json\/wp\/v2\/media?parent=4757"}],"curies":[{"name":"wp","href":"https:\/\/api.w.org\/{rel}","templated":true}]}}