{"id":4641,"date":"2024-03-18T12:29:13","date_gmt":"2024-03-18T10:29:13","guid":{"rendered":"https:\/\/adprmsarat.ro\/platforma\/?page_id=4641"},"modified":"2024-03-18T12:29:19","modified_gmt":"2024-03-18T10:29:19","slug":"prelucrarea-datelor-obtinute-prin-gps","status":"publish","type":"page","link":"https:\/\/adprmsarat.ro\/platforma\/prelucrarea-datelor-obtinute-prin-gps\/","title":{"rendered":"PRELUCRAREA DATELOR OB\u021aINUTE PRIN GPS"},"content":{"rendered":"<p><strong>ADMINISTRA\u021aIA DOMENIULUI PUBLIC R\u00c2MNICU S\u0102RAT (ADP RM. S\u0102RAT)<\/strong><\/p>\n<p>Sediul: str. Armoniei, nr. 58 Bis, R\u00e2mnicu S\u0103rat, jude\u021bul Buz\u0103u, cod po\u0219tal 125300<\/p>\n<p>Telefon\/Fax +40238563032, e-mail <a href=\"mailto:contact@adprmsarat.ro\">contact@adprmsarat.ro<\/a>, https:\/\/adprmsarat.ro\/<\/p>\n<p><strong>\u00a0<\/strong><\/p>\n<p style=\"text-align: center;\"><strong>\u00a0<\/strong><strong>NOT\u0102 DE INFORMARE<br \/>\n<\/strong><strong>\u00a0<\/strong><strong>privind prelucrarea datelor cu caracter personal ob\u021binute prin monitorizarea GPS a autoturismului de serviciu<\/strong><\/p>\n<p><strong>Administra\u021bia Domeniului Public R\u00e2mnicu S\u0103rat (ADP Rm. S\u0103rat)<\/strong>, cu sediul social \u00een R\u00e2mnicu S\u0103rat, Str. Armoniei, nr. 58 Bis, jude\u021b Buz\u0103u, CUI 2406901, are instalate un num\u0103r de 20 de GPS &#8211; uri (8 pe tractoare, 2 pe buldoexcavatoare, 1 pe autospecial\u0103 cistern\u0103, 2 pe autoutilitare PRB, 2 pe basculante, 5 pe autoutilitare pentru transport persoane \u0219i scule \u0219i materiale) pe care le exploateaz\u0103 prin intermediul aplica\u021biei EVO GPS, furnizat\u0103 \u00een condi\u021bii legale de o firm\u0103 specializat\u0103.<\/p>\n<p>&nbsp;<\/p>\n<p><strong>Cadrul legal incident<\/strong><\/p>\n<p>Legea nr. 190\/ 2018, privind m\u0103suri de punere \u00een aplicare a Regulamentului UE 679\/2016 al Parlamentului European \u0219i al Consiliului din 27 aprilie 2016 privind protec\u021bia persoanelor fizice \u00een ceea ce prive\u0219te prelucrarea datelor cu caracter personal \u0219i privind libera circula\u021bie a acestor date \u0219i de abrogare a Directivei 95\/46\/CE &#8211; Regulamentul general privind protec\u021bia datelor.<\/p>\n<p>Legea nr. 190\/2018, cu modific\u0103rile \u0219i complet\u0103rile ulterioare.<\/p>\n<p>Normele Metodologice de aplicare a Legii 227\/ 2015, privind Codul Fiscal, cu modific\u0103rile \u0219i complet\u0103rile ulterioare.<\/p>\n<p><strong>\u00a0<\/strong><\/p>\n<ol>\n<li><strong> Categoria de date cu caracter personal prelucrate:<\/strong><\/li>\n<li>Date de localizare: ale autovehiculelor<\/li>\n<\/ol>\n<p><strong>\u00a0<\/strong><strong>Nu sunt prelucrate prin EVO GPS date cu caracter personal ale angaja\u021bilor.<\/strong><\/p>\n<p><strong>\u00a0<\/strong><\/p>\n<ol>\n<li><strong> Scopul prelucr\u0103rii datelor cu caracter personal: <\/strong><\/li>\n<\/ol>\n<p>ADP Rm. S\u0103rat prelucreaz\u0103 datele enumerate la pct. A, \u00een urm\u0103toarele scopuri:<\/p>\n<ol>\n<li>generarea automat\u0103 a foilor de activitate, foilor de parcurs, foilor de consum de combustibil;<\/li>\n<li>cunoa\u0219terea loca\u021biei \u0219i datei, orelor de func\u021bionare, a rutelor \u0219i a sta\u021bion\u0103rilor;<\/li>\n<li>stabilirea nivelului de combustibil, a sumarului de flot\u0103 privind consumul de carburant, viteza, precum \u0219i varia\u021biile nivelului de combustibil;<\/li>\n<li>eviden\u021bierea \u0219i optimizarea consumurilor, a timpilor de lucru, stabilirea datelor necesare pentru realizarea reviziilor \u00een concordan\u021b\u0103 cu orele de func\u021bionare\/ km efectua\u021bi, asigurarea securit\u0103\u021bii bunurilor \u0219i, nu \u00een ultimul r\u00e2nd, optimizarea muncii printr-o mai bun\u0103 alocare a resurselor materiale.<\/li>\n<li>derularea \u00een bune condi\u021bii a investiga\u021biilor interne (derulate de Comisia de disciplin\u0103 a ADP Rm. S\u0103rat sau externe, derulate la solicitarea unor institu\u021bii\/ autorit\u0103\u021bi cu de control sau de cercetare \u0219i urm\u0103rire penal\u0103.<\/li>\n<\/ol>\n<p>&nbsp;<\/p>\n<ol>\n<li><strong> Datele cu caracter personal enumerate la pct. A pot fi transmise c\u0103tre urm\u0103torii destinatari:<\/strong><\/li>\n<\/ol>\n<p>\u00cen anumite situa\u021bii, strict reglementate de legisla\u021bia incident\u0103, datele eviden\u021biate de sistemul de monitorizare pot fi furnizate de ADP Rm. S\u0103rat c\u0103tre Comisia de disciplin\u0103 (constituit\u0103 la nivelul institu\u021biei pentru derularea unor investiga\u021bii, \u00een condi\u021biile oferite de lege) sau c\u0103tre oricare organe de control sau de cercetare \u0219i urm\u0103rire penal\u0103.<\/p>\n<p>\u00cen aceste situa\u021bii, datele cu caracter personal ale angaja\u021bilor ADP Rm. S\u0103rat (conduc\u0103tori auto utilizatori ai utilajelor) vor fi utilizate \u0219i transmise c\u0103tre destinatari, \u00een strict\u0103 corelare cu scopul anchetei.<\/p>\n<p><strong>\u00a0<\/strong><\/p>\n<ol>\n<li><strong> Transferul datelor cu caracter personal \u00eentr-o tara din afara Uniunii Europene sau a Spa\u021biului Economic European:<\/strong><\/li>\n<\/ol>\n<p>ADP Rm. S\u0103rat nu transmite datele colectate \u00een afara Uniunii Europene sau a Spa\u021biului Economic European.<\/p>\n<p>&nbsp;<\/p>\n<ol>\n<li><strong> Perioada de p\u0103strare a datelor cu caracter personal<\/strong><\/li>\n<\/ol>\n<p>\u00cen vederea prelucr\u0103rii datelor personale pentru scopul\/ scopurile men\u021bionate la pct. B, datele furnizate de sistemul de monitorizare EVO GPS vor fi p\u0103strate \u00een conformitate cu legisla\u021bia incident\u0103 \u00een domeniu \u0219i \u00een func\u021bie de situa\u021bia specific\u0103 identificat\u0103.<\/p>\n<p>Potrivit art. 5 din Legea nr. 190\/2018, durata de stocare a datelor prelucrate prin intermediul unui sistem GPS trebuie s\u0103 fie propor\u021bional\u0103 cu scopul prelucr\u0103rii, dar nu mai mare de 30 de zile, cu excep\u021bia situa\u021biilor expres reglementate de lege sau a cazurilor temeinic justificate.<\/p>\n<p>&nbsp;<\/p>\n<ol>\n<li><strong> Drepturile pe care le are salariatul \u00een ceea ce prive\u0219te datele cu caracter personal. <\/strong><\/li>\n<\/ol>\n<p>\u00cen conformitate cu normele de protec\u021bie a datelor personale, \u00een calitate de persoan\u0103 vizat\u0103 de prelucrare, beneficia\u021bi de dreptul de acces, de rectificare, de opozi\u021bie, de restric\u021bionare a prelucr\u0103rii, dreptul de a nu fi supus unei decizii individuale \u0219i dreptul de a v\u0103 adresa justi\u021biei.<\/p>\n<p>Pentru informa\u021bii suplimentare privind politica de prelucrare a datelor \u00een cadrul ADP Rm. S\u0103rat v\u0103 pute\u021bi adresa Responsabilului cu protec\u021bia datelor, la adresa de e-mail: <a href=\"mailto:dpo@adprmsarat.ro\">dpo@adprmsarat.ro<\/a> sau pute\u021bi trimite o cerere \u00een aten\u021bia Responsabilului cu protec\u021bia datelor la adresa ADP Rm. S\u0103rat, Str. Armoniei nr. 58 bis, R\u00e2mnicu S\u0103rat, Jud. Buz\u0103u, tel. \/ fax 0238563032, email <a href=\"mailto:contact@adprmsarat.ro\">contact@adprmsarat.ro<\/a><\/p>\n<p>De asemenea, v\u0103 este recunoscut dreptul de a depune pl\u00e2ngere la Autoritatea Na\u021bional\u0103 de Supraveghere a Prelucr\u0103rii Datelor cu Caracter Personal (ANSPDCP), B-dul G-ral. Gheorghe Magheru 28-30, Sector 1, cod po\u0219tal 010336, Bucure\u0219ti, Rom\u00e2nia, telefon central: +40.318.059.211 +40.318.059.212; telefon pre\u0219edinte: +40.318.059.220; adresa e-mail: anspdcp@dataprotection.ro; <a href=\"mailto:dpo@dataprotection.ro\">dpo@dataprotection.ro<\/a><\/p>\n<p><strong>\u00a0<\/strong><\/p>\n<ol>\n<li><strong> Monitorizarea angaja\u021bilor \u0219i securitatea sistemului informatic<\/strong><\/li>\n<\/ol>\n<p>ADP Rm. S\u0103rat \u0219i furnizorul sistemelor EVO GPS se oblig\u0103 s\u0103 asigure securitatea \u0219i confiden\u021bialitatea datelor prelucrate, fiind implementate m\u0103suri \u00een consecin\u021b\u0103.<\/p>\n<p>Sistemul informatic legat de sistemul de geo-localizare este creat astfel \u00eenc\u00e2t s\u0103 colecteze \u0219i s\u0103 salveze numai datele strict necesare pentru realizarea scopurilor urm\u0103rite, chiar dac\u0103 acest instrument ar permite, \u00een practic\u0103, colectarea \u0219i salvarea mai multor date.<\/p>\n<p>Accesul la datele colectate prin intermediul sistemului de geo-localizare este limitat numai la persoanele care, \u00een cursul exercit\u0103rii atribu\u021biilor lor, au o nevoie legitim\u0103 de a avea acces la aceste date, av\u00e2nd \u00een vedere scopurile urm\u0103rite. \u00cen mod similar, aceste persoane au acces numai la datele strict necesare exercit\u0103rii atribu\u021biilor lor \u0219i doar pentru scopurile urm\u0103rite.<\/p>\n<p>\u00cen special, accesul la date \u201esensibile\u201d, cum ar fi datele care furnizeaz\u0103 pozi\u021bia exact\u0103 de geo-localizare (indiferent dac\u0103 sunt \u201e\u00een timp real\u201d sau \u201c\u00eenregistrate\u201d \u0219i care pot fi c\u0103utate ulterior) este strict limitat \u00een conformitate cu\u00a0principiul \u201eneed to know\u201d.<\/p>\n<p>Accesul la date este securizat \u0219i fiecare persoan\u0103 care are acces la date are cont de utilizator separat, iar aplica\u021bia are disponibil un jurnal de acces, care permite \u00a0identificarea imediat\u0103 a \u00a0persoanelor care au accesat datele, precum \u0219i datele care au fost consultate de aceste persoane.<\/p>\n","protected":false},"excerpt":{"rendered":"<p>ADMINISTRA\u021aIA DOMENIULUI PUBLIC R\u00c2MNICU S\u0102RAT (ADP RM. S\u0102RAT) Sediul: str. Armoniei, nr. 58 Bis, R\u00e2mnicu S\u0103rat, jude\u021bul Buz\u0103u, cod po\u0219tal 125300 Telefon\/Fax +40238563032, e-mail contact@adprmsarat.ro, https:\/\/adprmsarat.ro\/ \u00a0 \u00a0NOT\u0102 DE INFORMARE \u00a0privind prelucrarea datelor cu caracter personal ob\u021binute prin monitorizarea GPS a autoturismului de serviciu Administra\u021bia Domeniului Public R\u00e2mnicu S\u0103rat (ADP Rm. S\u0103rat), cu sediul social [&hellip;]<\/p>\n","protected":false},"author":1,"featured_media":0,"parent":0,"menu_order":0,"comment_status":"closed","ping_status":"closed","template":"","meta":{"footnotes":""},"class_list":["post-4641","page","type-page","status-publish"],"_links":{"self":[{"href":"https:\/\/adprmsarat.ro\/platforma\/wp-json\/wp\/v2\/pages\/4641","targetHints":{"allow":["GET"]}}],"collection":[{"href":"https:\/\/adprmsarat.ro\/platforma\/wp-json\/wp\/v2\/pages"}],"about":[{"href":"https:\/\/adprmsarat.ro\/platforma\/wp-json\/wp\/v2\/types\/page"}],"author":[{"embeddable":true,"href":"https:\/\/adprmsarat.ro\/platforma\/wp-json\/wp\/v2\/users\/1"}],"replies":[{"embeddable":true,"href":"https:\/\/adprmsarat.ro\/platforma\/wp-json\/wp\/v2\/comments?post=4641"}],"version-history":[{"count":1,"href":"https:\/\/adprmsarat.ro\/platforma\/wp-json\/wp\/v2\/pages\/4641\/revisions"}],"predecessor-version":[{"id":4642,"href":"https:\/\/adprmsarat.ro\/platforma\/wp-json\/wp\/v2\/pages\/4641\/revisions\/4642"}],"wp:attachment":[{"href":"https:\/\/adprmsarat.ro\/platforma\/wp-json\/wp\/v2\/media?parent=4641"}],"curies":[{"name":"wp","href":"https:\/\/api.w.org\/{rel}","templated":true}]}}