{"id":4638,"date":"2024-03-18T12:26:28","date_gmt":"2024-03-18T10:26:28","guid":{"rendered":"https:\/\/adprmsarat.ro\/platforma\/?page_id=4638"},"modified":"2024-03-18T12:29:40","modified_gmt":"2024-03-18T10:29:40","slug":"prelucrarea-datelor-prin-cctv","status":"publish","type":"page","link":"https:\/\/adprmsarat.ro\/platforma\/prelucrarea-datelor-prin-cctv\/","title":{"rendered":"PRELUCRAREA DATELOR OB\u021aINUTE PRIN CCTV"},"content":{"rendered":"<p><strong>ADMINISTRA\u021aIA DOMENIULUI PUBLIC R\u00c2MNICU S\u0102RAT (ADP RM. S\u0102RAT)<\/strong><\/p>\n<p>Sediul: str. Armoniei, nr. 58 Bis, R\u00e2mnicu S\u0103rat, jude\u021bul Buz\u0103u, cod po\u0219tal 125300<\/p>\n<p>Telefon\/Fax +40238563032, e-mail <a href=\"mailto:contact@adprmsarat.ro\">contact@adprmsarat.ro<\/a>, https:\/\/adprmsarat.ro\/<\/p>\n<p><strong>\u00a0<\/strong><\/p>\n<p style=\"text-align: center;\"><strong>\u00a0<\/strong><strong>PRELUCRAREA DATELOR CU CARACTER PERSONAL PRIN INTERMEDIUL CCTV<\/strong><\/p>\n<ol>\n<li><strong> Scopul prelucr\u0103rii prin mijloace video<\/strong><\/li>\n<\/ol>\n<p>ADP Rm. S\u0103rat prelucreaz\u0103 date cu caracter personal, respectiv imaginea, prin intermediul sistemelor video <strong>\u00een scopul\u00a0determinat de <em>a preveni, descuraja, gestiona \u0219i ancheta incidentele de siguran\u021b\u0103 \u0219i securitate, precum \u0219i pentru protec\u021bia persoanelor \u0219i a bunurilor de incendii, furturi, efrac\u021bii sau de orice alt\u0103 amenin\u021bare, cu poten\u021bial ridicat de risc \u00een perimetrele monitorizate ale institu\u021biei.<\/em><\/strong><\/p>\n<p><strong>Spa\u021bii vizate de prelucrarea datelor cu caracter personal \/ loca\u021bii unde sunt amplasate sisteme de monitorizare video:<\/strong><\/p>\n<ul>\n<li><strong>Sediul ADP Rm. S\u0103rat, str. Armoniei, Nr. 58 Bis, Rm. S\u0103rat, jud. Buz\u0103u, cod po\u0219tal 125300 (perimetrul cur\u021bii interioare)<\/strong><\/li>\n<li><strong>Sediul Cimitirului Eternitatea, Str. C\u0103pitan Ro\u0219ca Nicolae, nr. 1, Rm. S\u0103rat, jud. Buz\u0103u, cod po\u0219tal 125300 (perimetrul cur\u021bii interioare)<\/strong><\/li>\n<\/ul>\n<p><strong>Ambele sisteme sunt utilizate \u0219i gestionate de ADP Rm. S\u0103rat, ca operator de date cu caracter personal, strict \u00een conformitate cu scopurile anterior men\u021bionate \u0219i vizeaz\u0103 doar perimetrele cur\u021bilor interioare ale sediilor de la adresele precizate anterior.<\/strong><\/p>\n<p>La sediul din str. Armoniei, nr. 58 Bis, sistemul de monitorizare video vine \u00een completarea celui de control acces \u0219i paz\u0103 perimetral\u0103, realizat prin intermediul angaja\u021bilor unei firme specializate. Astfel, sistemele de televiziune \u00een circuit \u00eenchis men\u021bionate func\u021bioneaz\u0103 ca suport \u0219i asigur\u0103 elementul de monitorizare \u00een timp real \u0219i posibilitatea de vizualizare post-eveniment precum \u0219i \u00eenregistrarea, afi\u0219area \u0219i transmisia video c\u0103tre persoane anume desemnate ca utilizatori ai sistemului de supraveghere.<\/p>\n<ol start=\"2\">\n<li><strong> Condi\u021bii de legitimitate<\/strong><\/li>\n<\/ol>\n<p>Prelucrarea datelor cu caracter personal prin utilizarea mijloacelor de supraveghere video, instalarea \u0219i utilizarea sub aspect tehnic a echipamentelor \u0219i elementelor componente ale sistemului de supraveghere video se realizeaz\u0103\u00a0 \u00een conformitate cu prevederile legale \u00een domeniu:<\/p>\n<ul>\n<li>Regulamentul nr. 679\/2016 privind protec\u021bia persoanelor \u00een ceea ce prive\u0219te prelucrarea datelor cu caracter personal \u0219i libera circula\u021bie a acestor date \u0219i de abrogare a Directivei 95\/46\/CE (Regulamentul general privind protec\u021bia datelor &#8211; RGPD);<\/li>\n<li>Legea nr. 190\/2018 privind m\u0103suri de punere \u00een aplicare a Regulamentului (UE) 2016\/679 al Parlamentului European \u0219i al Consiliului din 27 aprilie 2016 privind protec\u021bia persoanelor fizice \u00een ceea ce prive\u0219te prelucrarea datelor cu caracter personal \u0219i privind libera circula\u021bie a acestor date \u0219i de abrogare a Directivei 95\/46\/CE (Regulamentul general privind protec\u021bia datelor)<\/li>\n<li>Legea nr. 333\/2003 privind paza obiectivelor, bunurilor, valorilor \u0219i protec\u021bia persoanelor, republicat\u0103, cu modific\u0103rile \u0219i complet\u0103rile ulterioare,<\/li>\n<li>Normele metodologice de aplicare a Legii nr. 333\/2003, aprobate prin HG nr. 301\/2012, cu modific\u0103rile \u0219i complet\u0103rile ulterioare.<\/li>\n<\/ul>\n<ol start=\"3\">\n<li><strong> Zonele monitorizate<\/strong><\/li>\n<\/ol>\n<p>Amplasarea camerelor de supraveghere a fost realizat\u0103 \u00een conformitate cu legisla\u021bia \u00een vigoare \u0219i \u00een baza proiectelor tehnice elaborate de societ\u0103\u021bi specializate \u0219i avizate de Inspectoratul de Poli\u021bie Jude\u021bean Buz\u0103u, Serviciul de Ordine Public\u0103.<\/p>\n<p>Nu sunt monitorizate zonele \u00een care sunt amplasate birourile administrative \u0219i nici cele \u00een care exist\u0103 un nivel ridicat al a\u0219tept\u0103rilor privind via\u021ba privat\u0103 (birouri \u00een care publicul nu are\u00a0 acces, toalete \u0219i alte loca\u021bii similare). \u00cen mod excep\u021bional, \u00een cazul unor necesit\u0103\u021bi \u00een materie de securitate justificate \u00een mod corespunz\u0103tor, se pot instala camere pe holurile sediilor administrative ori \u00een birourile \u00een care angaja\u021bii \u00ee\u0219i desf\u0103\u0219oar\u0103 activitatea, \u00eens\u0103 numai dup\u0103 efectuarea unei evalu\u0103ri de impact \u0219i a unei analize a interesului legitim si dup\u0103 consultarea Responsabilului cu protec\u021bia datelor.<\/p>\n<ol start=\"4\">\n<li><strong> Protejarea vie\u021bii private \u0219i securitatea informa\u021biilor<\/strong><\/li>\n<\/ol>\n<p>Pentru a proteja securitatea sistemului video \u0219i pentru a spori gradul de protec\u021bie a vie\u021bii, au fost introduse urm\u0103toarele m\u0103suri tehnice \u0219i organizatorice:<\/p>\n<ul>\n<li>limitarea timpului de stocare a materialului filmat, \u00een conformitate cu cerin\u021bele de securitate (max. 30 zile, pentru sediul din str. Armonie, nr. 58 Bis, Rm. S\u0103rat, jud. Buz\u0103u, respectiv max. 15 zile pentru sediul din str. Cpt. Ro\u0219ca Nicolae, nr. 1, Rm. S\u0103rat, jud. buz\u0103u);<\/li>\n<li>mediile de stocare (\u00eenregistratoare video digitale) se afl\u0103 \u00een spa\u021bii securizate, protejate de m\u0103suri de securitate fizic\u0103;<\/li>\n<li>to\u021bi utilizatorii cu drept de acces au luat cuno\u0219tin\u021b\u0103 de procedurile GDPR prin care se oblig\u0103 s\u0103 respecte prevederile legale \u00een domeniul prelucr\u0103rii datelor cu caracter personal;<\/li>\n<li>dreptul de acces se acord\u0103 utilizatorilor doar pentru acele resurse care sunt strict necesare pentru \u00eendeplinirea atribu\u021biilor de serviciu;<\/li>\n<li>persoana care are dreptul de a acorda, modifica sau anula dreptul de acces al utilizatorilor, conform procedurii de acces la bazele de date, este\u00a0 administratorul de sistem, desemnat \u00een acest sens de operator;<\/li>\n<li>administratorul\/responsabilul de sistem de securitate fizic\u0103 desemnat \u00een acest sens \u021bine \u00een permanen\u021b\u0103 o list\u0103 actualizat\u0103 a tuturor persoanelor care au drept de acces la sistemul de supraveghere video, cu specificarea tipului de acces;<\/li>\n<li>responsabilul cu protec\u021bia datelor personale va fi consultat \u00eenainte de accesarea datelor stocate de sistemul de supraveghere video ori la instalarea unor noi componente ori a unui nou sistem video.<\/li>\n<\/ul>\n<p>Totodat\u0103, s-a avut \u00een vedere prevenirea unei prelucr\u0103ri ilegale de date cu caracter personal sau\u00a0accesul neautorizat la datele respective.<\/p>\n<ol start=\"5\">\n<li><strong> Accesul la datele cu caracter personal colectate prin intermediul sistemului de supraveghere video<\/strong><\/li>\n<\/ol>\n<p>Accesul la imaginile video \u00eenregistrate \u0219i transmise \u00een direct sunt limitate la un num\u0103r redus de persoane (angaja\u021bi ai institu\u021biei) care pot fi identificate \u00een mod clar \u0219i este determinat prin atribu\u021biile specificate \u00een fi\u0219a postului (\u00een ce scop \u0219i ce tip de acces).<\/p>\n<p>Accesul la materialul filmat \u0219i\/sau la arhitectura tehnic\u0103 a sistemului video este limitat la un num\u0103r redus de persoane care pot fi identificate \u00een mod clar \u0219i este determinat prin atribu\u021biile specificate \u00een fi\u0219a postului (\u00een ce scop \u0219i ce tip de acces).<\/p>\n<p>ADP Rm. S\u0103rat impune limite \u00een privin\u021ba persoanelor care au dreptul s\u0103 copieze, s\u0103 descarce, s\u0103 \u0219tearg\u0103 sau s\u0103 modifice orice material filmat.<\/p>\n<p>To\u021bi membrii personalului cu drept de acces la \u00eenregistr\u0103rile video beneficiaz\u0103 de o instruire ini\u021bial\u0103 \u00een domeniul protec\u021biei datelor. Instruirea este oferit\u0103 fiec\u0103rui nou membru al personalului, urm\u00e2nd ca atelierele periodice pe teme privind protec\u021bia datelor s\u0103 fie organizate anual pentru to\u021bi membrii personalului care au drept de acces la date.<\/p>\n<p>Orice \u00eenc\u0103lcare a securit\u0103\u021bii \u00een ceea ce prive\u0219te sistemul de supraveghere video va fi indicat\u0103 \u00een\u00a0<strong><em>Registrul incidentelor de securitate<\/em>,<\/strong>\u00a0iar Responsabilul cu protec\u021bia datelor este informat \u00een leg\u0103tur\u0103 cu acest lucru, f\u0103r\u0103 \u00eent\u00e2rzieri nejustificate, \u00een termen de cel mult 12 ore.<\/p>\n<p>Sistemul de supraveghere video nu este utilizat pentru verificarea prezen\u021bei la program sau evaluarea performan\u021bei la locul de munc\u0103.<\/p>\n<p>\u00cen cazuri excep\u021bionale, dar cu respectarea garan\u021biilor descrise mai sus, se poate acorda acces Comisiei de cercetare disciplinar\u0103 \u00een cadrul unei anchete disciplinare, cu condi\u021bia ca informa\u021biile s\u0103 ajute la investigarea unei infrac\u021biuni sau a unei abateri disciplinare de natur\u0103 s\u0103 prejudicieze drepturile \u0219i libert\u0103\u021bile unei persoane.<\/p>\n<ol start=\"6\">\n<li><strong> Dezv\u0103luirea datelor cu caracter personal colectate prin intermediul sistemului de supraveghere video<\/strong><\/li>\n<\/ol>\n<p>Informa\u021biile \u00eenregistrate prin sistemele de supraveghere video sunt destinate utiliz\u0103rii de c\u0103tre ADP Rm. S\u0103rat \u00een scopul\u00a0<em>monitoriz\u0103rii accesului persoanelor \u00een institu\u021bie, al asigur\u0103rii securit\u0103\u021bii spa\u021biilor \u0219i bunurilor institu\u021biei, precum \u0219i al siguran\u021bei persoanelor aflate \u00een sediul institu\u021biei<\/em>\u00a0\u0219i sunt puse la dispozi\u021bia organelor judiciare \u0219i a altor institu\u021bii abilitate de lege s\u0103 solicite aceste informa\u021bii, la cererea expres\u0103 a acestora.<\/p>\n<p>Orice activitate de transfer \u0219i dezv\u0103luire a datelor personale c\u0103tre ter\u021bi abilita\u021bi legal, va fi documentat\u0103 \u0219i supus\u0103 unei evalu\u0103ri riguroase privind necesitatea comunic\u0103rii \u0219i compatibilitatea dintre scopul \u00een care se face comunicarea \u0219i scopul \u00een care aceste date au fost colectate ini\u021bial pentru prelucrare (de securitate \u0219i control acces). \u00cen aceste cazuri va fi consultat \u0219i Responsabilul cu protec\u021bia datelor desemnat la nivelul operatorului de date.<\/p>\n<ol start=\"7\">\n<li><strong> Durata de stocare<\/strong><\/li>\n<\/ol>\n<p>Durata de stocare a datelor ob\u021binute prin intermediul sistemului de supraveghere video este propor\u021bional\u0103 cu scopul pentru care se prelucreaz\u0103 datele, astfel c\u0103 imaginile sunt stocate pentru o perioad\u0103 care nu dep\u0103\u0219e\u0219te\u00a0<strong>30 de zile<\/strong>, cu excep\u021bia situa\u021biilor expres reglementate de lege sau a cazurilor temeinic justificate.<\/p>\n<p>La expirarea perioadei de stocare datele se \u0219terg prin procedur\u0103 automat\u0103 \u00een ordinea \u00een care au fost \u00eenregistrate.<\/p>\n<p>\u00cen cazul producerii unui incident de securitate, precum \u0219i \u00een cazuri temeinic justificate, durata de p\u0103strare a materialului filmat relevant poate dep\u0103\u0219i limitele normale \u00een func\u021bie de timpul necesar investig\u0103rii suplimentare a incidentului de securitate.<\/p>\n<p>P\u0103strarea este documentat\u0103 riguros, iar necesitatea p\u0103str\u0103rii este revizuit\u0103 periodic (la un interval de dou\u0103 luni).<\/p>\n<ol start=\"8\">\n<li><strong> Drepturile persoanei vizate<\/strong><\/li>\n<\/ol>\n<p>ADP Rm. S\u0103rat garanteaz\u0103 c\u0103 asigur\u0103 respectarea drepturilor ce revin persoanelor vizate, conform Regulamentului nr. 679\/2016 privind protec\u021bia persoanelor fizice \u00een ceea ce prive\u0219te prelucrarea datelor cu caracter personal \u0219i privind libera circula\u021bie a acestor date \u0219i de abrogare a Directivei 95\/46\/CE.<\/p>\n<p>Toate persoanele implicate \u00een activitatea de supraveghere video \u0219i cele responsabile de administrarea imaginilor filmate vor respecta procedura de acces la date cu caracter personal.<\/p>\n<p>Informarea persoanelor vizate se realizeaz\u0103 \u00een mod clar \u0219i permanent prin intermediul unui semn adecvat, cu vizibilitate suficient\u0103 \u0219i localizat \u00een zona supravegheat\u0103, astfel \u00eenc\u00e2t s\u0103 semnaleze existen\u021ba camerelor de supraveghere \u0219i pentru a comunica informa\u021biile esen\u021biale privind prelucrarea datelor cu caracter personal.<\/p>\n<p>\u00cen conformitate cu dispozi\u021biile Regulamentului nr. 679\/2016 persoana vizat\u0103 are urm\u0103toarele drepturi:<\/p>\n<ul>\n<li>dreptul de acces,<\/li>\n<li>dreptul la rectificare,<\/li>\n<li>dreptul la \u0219tergerea datelor (\u201edreptul de a fi uitat\u201d),<\/li>\n<li>dreptul la restric\u021bionarea prelucr\u0103rii,<\/li>\n<li>dreptul la portabilitatea datelor,<\/li>\n<li>dreptul la opozi\u021bie,<\/li>\n<li>dreptul de a nu face obiectul unei decizii bazate exclusiv pe prelucrare automat\u0103, inclusiv crearea de profiluri.<\/li>\n<\/ul>\n<p>Pentru exercitarea drepturilor men\u021bionate mai sus\u00a0 persoana vizat\u0103 trebuie s\u0103 transmit\u0103 a cerere \u00eentocmit\u0103 \u00een form\u0103 scris\u0103, datat\u0103 \u0219i semnat\u0103 \u00een aten\u021bia ADP Rm. S\u0103rat, Str. Armoniei nr. 58 bis, R\u00e2mnicu S\u0103rat, Jud. Buz\u0103u, tel. \/ fax 0238563032, email <a href=\"mailto:contact@adprmsarat.ro\">contact@adprmsarat.ro<\/a> sau Responsabilului cu protec\u021bia datelor la adresa de email dpo@adprmsarat.ro<\/p>\n<p>De asemenea, v\u0103 este recunoscut dreptul de a depune pl\u00e2ngere \u00een justi\u021bie sau c\u0103tre Autoritatea Na\u021bional\u0103 de Supraveghere a Prelucr\u0103rii Datelor cu Caracter Personal (ANSPDCP), B-dul G-ral. Gheorghe Magheru 28-30, Sector 1, cod po\u0219tal 010336, Bucure\u0219ti, Rom\u00e2nia, telefon central: +40.318.059.211 +40.318.059.212; telefon pre\u0219edinte: +40.318.059.220; adresa e-mail: anspdcp@dataprotection.ro; <a href=\"mailto:dpo@dataprotection.ro\">dpo@dataprotection.ro<\/a><\/p>\n","protected":false},"excerpt":{"rendered":"<p>ADMINISTRA\u021aIA DOMENIULUI PUBLIC R\u00c2MNICU S\u0102RAT (ADP RM. S\u0102RAT) Sediul: str. Armoniei, nr. 58 Bis, R\u00e2mnicu S\u0103rat, jude\u021bul Buz\u0103u, cod po\u0219tal 125300 Telefon\/Fax +40238563032, e-mail contact@adprmsarat.ro, https:\/\/adprmsarat.ro\/ \u00a0 \u00a0PRELUCRAREA DATELOR CU CARACTER PERSONAL PRIN INTERMEDIUL CCTV Scopul prelucr\u0103rii prin mijloace video ADP Rm. S\u0103rat prelucreaz\u0103 date cu caracter personal, respectiv imaginea, prin intermediul sistemelor video \u00een [&hellip;]<\/p>\n","protected":false},"author":1,"featured_media":0,"parent":0,"menu_order":0,"comment_status":"closed","ping_status":"closed","template":"","meta":{"footnotes":""},"class_list":["post-4638","page","type-page","status-publish"],"_links":{"self":[{"href":"https:\/\/adprmsarat.ro\/platforma\/wp-json\/wp\/v2\/pages\/4638","targetHints":{"allow":["GET"]}}],"collection":[{"href":"https:\/\/adprmsarat.ro\/platforma\/wp-json\/wp\/v2\/pages"}],"about":[{"href":"https:\/\/adprmsarat.ro\/platforma\/wp-json\/wp\/v2\/types\/page"}],"author":[{"embeddable":true,"href":"https:\/\/adprmsarat.ro\/platforma\/wp-json\/wp\/v2\/users\/1"}],"replies":[{"embeddable":true,"href":"https:\/\/adprmsarat.ro\/platforma\/wp-json\/wp\/v2\/comments?post=4638"}],"version-history":[{"count":2,"href":"https:\/\/adprmsarat.ro\/platforma\/wp-json\/wp\/v2\/pages\/4638\/revisions"}],"predecessor-version":[{"id":4643,"href":"https:\/\/adprmsarat.ro\/platforma\/wp-json\/wp\/v2\/pages\/4638\/revisions\/4643"}],"wp:attachment":[{"href":"https:\/\/adprmsarat.ro\/platforma\/wp-json\/wp\/v2\/media?parent=4638"}],"curies":[{"name":"wp","href":"https:\/\/api.w.org\/{rel}","templated":true}]}}