{"id":4630,"date":"2024-03-18T12:19:27","date_gmt":"2024-03-18T10:19:27","guid":{"rendered":"https:\/\/adprmsarat.ro\/platforma\/?page_id=4630"},"modified":"2024-03-18T13:19:59","modified_gmt":"2024-03-18T11:19:59","slug":"informare-petitii","status":"publish","type":"page","link":"https:\/\/adprmsarat.ro\/platforma\/informare-petitii\/","title":{"rendered":"INFORMARE PETI\u021aII"},"content":{"rendered":"<p style=\"text-align: center;\"><strong>PRELUCRAREA DATELOR PERSONALE <\/strong><strong>\u00ceN ACTIVITATEA DE SOLU\u0162IONARE A PETI\u0162IILOR<\/strong><\/p>\n<table>\n<tbody>\n<tr>\n<td width=\"312\"><strong>OPERATOR<\/strong><\/p>\n<p>Administra\u021bia Domeniului Public R\u00e2mnicu S\u0103rat, Str. Armoniei nr. 58 bis, R\u00e2mnicu S\u0103rat, Jud. Buz\u0103u, tel. \/ fax 0238563032, email <a href=\"mailto:contact@adprmsarat.ro\">contact@adprmsarat.ro<\/a><\/td>\n<td width=\"290\"><strong>Responsabil cu protec\u021bia datelor<\/strong><\/p>\n<p>PFA PLOPEANU DAN GABRIEL<\/p>\n<p>Sediul: str. Victoriei, Bl. A1, Ap. 10, Rm. S\u0103rat, jud. Buz\u0103u<\/p>\n<p>e-mail: <a href=\"mailto:dpo@adprmsarat.ro\">dpo@adprmsarat.ro<\/a><\/td>\n<\/tr>\n<\/tbody>\n<\/table>\n<p>&nbsp;<\/p>\n<p>Institu\u021bia noastr\u0103 acord\u0103 o importan\u021b\u0103 deosebit\u0103 protec\u021biei datelor cu caracter personal \u00een spiritul respectului fa\u021b\u0103 de drepturile fundamentale care le sunt recunoscute persoanelor, asum\u00e2ndu-\u0219i \u00een mod con\u0219tient \u0219i responsabil aplicarea principiilor \u0219i normelor privind protec\u021bia persoanelor fizice \u00een ceea ce prive\u0219te prelucrarea datelor cu caracter personal.<\/p>\n<p>Administra\u021bia Domeniului Public R\u00e2mnicu S\u0103rat desf\u0103\u0219oar\u0103 activit\u0103\u021bi de prelucrare, pe baza atribu\u021biilor specifice care \u00eei revin din actele normative \u00een vigoare, \u00een conformitate cu prevederile Regulamentului (UE) nr. 679 din 27 aprilie 2016 privind protec\u021bia persoanelor fizice \u00een ceea ce prive\u0219te prelucrarea datelor cu caracter personal \u0219i privind libera circula\u021bie a acestor date \u0219i de abrogare a Directivei 95\/46\/CE (Regulamentul general privind protec\u021bia datelor).<\/p>\n<p>Opera\u021biunile de prelucrare intr\u0103 \u00een responsabilitatea Administra\u021bia Domeniului Public R\u00e2mnicu S\u0103rat, care \u00een calitate de operator de date are obliga\u021bia de a administra \u00een condi\u021bii de siguran\u021b\u0103 \u0219i numai pentru scopurile specificate, datele personale pe care ni le furniza\u021bi despre dumneavoastr\u0103, un membru al familiei dumneavoastr\u0103 ori o alt\u0103 persoan\u0103.<\/p>\n<p><strong>SCOPUL PRELUCR\u0102RII <\/strong><\/p>\n<p>Desf\u0103\u0219urarea activit\u0103\u021bilor de primire, \u00eenregistrare, analiz\u0103 \u0219i solu\u021bionare a solicit\u0103rilor formulate de c\u0103tre dumneavoastr\u0103, \u00een calitate de petent, \u0219i comunicate at\u00e2t \u00een forma documentelor scrise\/ tip\u0103rite, c\u00e2t \u0219i prin intermediul serviciilor on-line (po\u0219t\u0103 electronic\u0103 sau formular de peti\u021bie on-line).<\/p>\n<p><strong>BAZA LEGAL\u0102 A PRELUCR\u0102RII DATELOR <\/strong><\/p>\n<p>Datele dumneavoastr\u0103 cu caracter personal sunt prelucrate pentru \u00eendeplinirea obliga\u021biilor legale care \u00eei revin operatorului, conform articolului 6 alin. 1 litera c) \u0219i e) din Regulamentul (UE) 2016\/679.<\/p>\n<p>Legisla\u021bia aplicabil\u0103:<\/p>\n<ul>\n<li>Ordonan\u021ba Guvernului nr. 27\/2002 privind reglementarea activit\u0103\u021bii de solu\u021bionare a peti\u021biilor, cu modific\u0103rile \u0219i complet\u0103rile ulterioare.<\/li>\n<\/ul>\n<p><strong>CATEGORII DE DATE PERSONALE PRELUCRATE<\/strong><\/p>\n<ul>\n<li>Date de identificare \u0219i de contact (nume, prenume, adresa de domiciliu\/ de coresponden\u021b\u0103, adresa de e-mail, op\u021bional num\u0103r de telefon)<\/li>\n<li>Date relevante pentru petent, raportat la situa\u021bia particular\u0103\/ problema general\u0103 sesizat\u0103 sau la interesul s\u0103u personal (orice informa\u021bii personale pe care considera\u021bi c\u0103 Institu\u021bia noastr\u0103 trebuie s\u0103 le cunoasc\u0103 astfel \u00eenc\u00e2t s\u0103 poat\u0103 solu\u021biona cererea dumneavoastr\u0103.<\/li>\n<\/ul>\n<p><strong>DATE OBLIGATORII<\/strong><\/p>\n<p>Peti\u021biile anonime sau cele \u00een care nu sunt trecute datele de identificare a peti\u021bionarului nu se iau \u00een considerare \u0219i se claseaz\u0103, potrivit normelor legale aplicabile.<\/p>\n<p>\u00cen cazul \u00een care cererea dumneavoastr\u0103 vizeaz\u0103 valorificarea unui drept sau interes personal, pentru care sunt necesare cercet\u0103ri am\u0103nun\u021bite din partea noastr\u0103 (de exemplu, solicit\u0103ri legate de solu\u021bionarea cererii depuse pentru eliberarea diverselor documente\/ adeverin\u021be), putem solicita date suplimentare de identificare sau de confirmare a identit\u0103\u021bii dumneavoastr\u0103.<\/p>\n<p>\u00cen cazul \u00een care alege\u021bi ca adres\u0103 de coresponden\u021b\u0103, adresa de e-mail, este necesar s\u0103 completa\u021bi \u0219i c\u00e2mpurile dedicate (\u201dadres\u0103 de e-mail\u201d \u0219i \u201dconfirmare adres\u0103 de e-mail\u201d), pentru a pre\u00eent\u00e2mpina eventualele erori de tastare care ar putea determina imposibilitatea furniz\u0103rii r\u0103spunsului c\u0103tre dumneavoastr\u0103.<\/p>\n<p><strong>SURSA DATELOR PERSONALE<\/strong><\/p>\n<p>Administra\u021bia Domeniului Public R\u00e2mnicu S\u0103rat prin compartimentele sale colecteaz\u0103 date personale direct de la dumneavoastr\u0103 sau de la ter\u021bi (cum ar fi alte institu\u021bii ori entit\u0103\u021bi care au obliga\u021bia legal\u0103 de transmitere a datelor).<\/p>\n<p>\u00cen cazul \u00een care trebuie s\u0103 prelucr\u0103m date cu caracter personal ob\u021binute de la ter\u021bi persoane juridice, ace\u0219tia din urm\u0103 au obliga\u021bia de a v\u0103 furniza informa\u021biile necesare cu privire la utilizarea datelor cu caracter personal transmise.<\/p>\n<p><strong>DESTINATARII DATELOR PERSONALE<\/strong><\/p>\n<p>Datele dumneavoastr\u0103 personale sunt destinate utiliz\u0103rii de c\u0103tre operator &#8211; Administra\u021bia Domeniului Public R\u00e2mnicu S\u0103rat &#8211; prin Compartimentul pentru rela\u021bii cu publicul \u0219i\/ sau structurile specializate ale Institu\u021biei noastre implicate \u00een solu\u021bionarea cererii dvs. \u0219i sunt comunicate urm\u0103torilor destinatari, dac\u0103 este cazul:<\/p>\n<ul>\n<li>alte societ\u0103\u021bi sau autorit\u0103\u021bi centrale \u0219i locale \u00een vederea redirec\u021bion\u0103rii conform legii a peti\u021biilor gre\u0219it \u00eendreptate;<\/li>\n<li>destinatarilor abilita\u021bi prin acte normative\/ altor institu\u021bii cu care cooper\u0103m conform cadrului legal pentru rezolvarea solicit\u0103rilor dumneavoastr\u0103;<\/li>\n<li>organelor de poli\u021bie, parchetelor, instan\u021belor de judecat\u0103 sau altor autorit\u0103\u021bi publice, \u00een condi\u021biile legii (\u00een vederea formul\u0103rii de ac\u021biuni \u0219i reprezent\u0103rii \u00een instan\u021b\u0103);<\/li>\n<\/ul>\n<p>Dezv\u0103luirea datelor c\u0103tre ter\u021bi se face conform prevederilor legale pentru categoriile de destinatari preciza\u021bi anterior.<\/p>\n<p><strong>M\u0102SURI DE PROTEC\u021aIE A DATELOR PERSONALE<\/strong><\/p>\n<p>Administra\u021bia Domeniului Public R\u00e2mnicu S\u0103rat garanteaz\u0103 faptul c\u0103 a implementat m\u0103suri tehnice \u0219i organizatorice adecvate, astfel \u00eenc\u00e2t s\u0103 asigurare integritatea \u0219i confiden\u021bialitatea datelor conform art. 25 \u0219i 32 din Regulamentul General de protec\u021bie a datelor. Unul din obiectivele principale \u00een acest sens fiind \u0219i instruirea permanent\u0103 a \u00eentregului personal implicat \u0219i dezvoltarea politicii de con\u0219tientizare a aspectelor majore pe care le implic\u0103 asumarea responsabilit\u0103\u021bii \u00een domeniu.<\/p>\n<p>\u00cen ceea ce prive\u0219te comunicarea datelor personale prin internet, v\u0103 aducem \u00een aten\u021bie urm\u0103toarele:<\/p>\n<p>Administra\u021bia Domeniului Public R\u00e2mnicu S\u0103rat garanteaz\u0103 pentru securitatea sistemului informatic pe care \u00eel gestioneaz\u0103 \u0219i depune toate diligen\u021bele s\u0103 asigure un nivel ridicat de securitate pentru informa\u021biile transmise de dumneavoastr\u0103 prin formularele existente online (peti\u021bii, adeverin\u021be, furniz\u0103ri) utiliz\u00e2nd protocolul securizat de comunica\u021bie (HTTPS).<\/p>\n<p>Cu toate acestea, comunicarea datelor personale prin internet, inclusiv prin e-mail, nu este pe deplin sigur\u0103 \u0219i poate fi interceptat\u0103 de persoane din afara Administra\u021bia Domeniului Public R\u00e2mnicu S\u0103rat.<\/p>\n<p>De aceea, anterior comunic\u0103rii, v\u0103 solicit\u0103m s\u0103 ne confirma\u021bi acordul dumneavoastr\u0103 privind transmiterea datelor personale prin intermediul internetului (fie \u00een scris, \u00een cazul cererilor transmise prin po\u0219ta electronic\u0103, fie prin bifarea c\u00e2mpului indicat \u00een pagina formularului online).<\/p>\n<p>\u00cen cazul \u00een care nu sunte\u021bi de acord cu comunicarea datelor personale prin internet, pute\u021bi opta pentru transmiterea r\u0103spunsului prin po\u0219t\u0103 sau pentru ridicarea lui de la sediul operatorului.<\/p>\n<p><strong>STOCAREA DATELOR<\/strong><\/p>\n<p>Datele cu caracter personal se stocheaz\u0103 la compartimentul pentru rela\u021bii cu publicul \u0219i se p\u0103streaz\u0103 pe toat\u0103 perioada necesar\u0103 \u00eendeplinirii obliga\u021biilor legale ce ne revin fa\u021b\u0103 de dumneavoastr\u0103 \u00een acest sens, ulterior fiind arhivate conform normelor aplicabile \u00een domeniul arhiv\u0103rii.<\/p>\n<p><strong>DREPTURILE PERSOANEI VIZATE<\/strong><\/p>\n<p>\u00cen conformitate cu normele de protec\u021bie a datelor personale, \u00een calitate de persoan\u0103 vizat\u0103 de prelucrare, beneficia\u021bi de dreptul de acces, de rectificare, de opozi\u021bie, de restric\u021bionare a prelucr\u0103rii, dreptul de a nu fi supus unei decizii individuale \u0219i dreptul de a v\u0103 adresa justi\u021biei.<\/p>\n<p>Pentru informa\u021bii suplimentare privind politica de prelucrare a datelor \u00een cadrul ADP Rm. S\u0103rat v\u0103 pute\u021bi adresa Responsabilului cu protec\u021bia datelor, la adresa de e-mail: <a href=\"mailto:dpo@adprmsarat.ro\">dpo@adprmsarat.ro<\/a> sau pute\u021bi trimite o cerere \u00een aten\u021bia Responsabilului cu protec\u021bia datelor la adresa ADP Rm. S\u0103rat, Str. Armoniei nr. 58 bis, R\u00e2mnicu S\u0103rat, Jud. Buz\u0103u, tel. \/ fax 0238563032, email <a href=\"mailto:contact@adprmsarat.ro\">contact@adprmsarat.ro<\/a><\/p>\n<p>De asemenea, v\u0103 este recunoscut dreptul de a depune pl\u00e2ngere la Autoritatea Na\u021bional\u0103 de Supraveghere a Prelucr\u0103rii Datelor cu Caracter Personal (ANSPDCP), B-dul G-ral. Gheorghe Magheru 28-30, Sector 1, cod po\u0219tal 010336, Bucure\u0219ti, Rom\u00e2nia, telefon central: +40.318.059.211 +40.318.059.212; telefon pre\u0219edinte: +40.318.059.220; adresa e-mail: anspdcp@dataprotection.ro; <a href=\"mailto:dpo@dataprotection.ro\">dpo@dataprotection.ro<\/a><\/p>\n<p><img decoding=\"async\" class=\"alignnone size-full wp-image-4125\" src=\"https:\/\/adprmsarat.ro\/platforma\/wp-content\/uploads\/2022\/11\/PDF.png\" alt=\"\" width=\"50\" height=\"61\" \/> <a href=\"https:\/\/adprmsarat.ro\/platforma\/wp-content\/uploads\/2024\/03\/Formular-Cerere-Petitie.pdf\" target=\"_blank\" rel=\"noopener\">Formular Cerere-Peti\u021bie<\/a><\/p>\n","protected":false},"excerpt":{"rendered":"<p>PRELUCRAREA DATELOR PERSONALE \u00ceN ACTIVITATEA DE SOLU\u0162IONARE A PETI\u0162IILOR OPERATOR Administra\u021bia Domeniului Public R\u00e2mnicu S\u0103rat, Str. Armoniei nr. 58 bis, R\u00e2mnicu S\u0103rat, Jud. Buz\u0103u, tel. \/ fax 0238563032, email contact@adprmsarat.ro Responsabil cu protec\u021bia datelor PFA PLOPEANU DAN GABRIEL Sediul: str. Victoriei, Bl. A1, Ap. 10, Rm. S\u0103rat, jud. Buz\u0103u e-mail: dpo@adprmsarat.ro &nbsp; Institu\u021bia noastr\u0103 acord\u0103 [&hellip;]<\/p>\n","protected":false},"author":1,"featured_media":0,"parent":0,"menu_order":0,"comment_status":"closed","ping_status":"closed","template":"","meta":{"footnotes":""},"class_list":["post-4630","page","type-page","status-publish"],"_links":{"self":[{"href":"https:\/\/adprmsarat.ro\/platforma\/wp-json\/wp\/v2\/pages\/4630","targetHints":{"allow":["GET"]}}],"collection":[{"href":"https:\/\/adprmsarat.ro\/platforma\/wp-json\/wp\/v2\/pages"}],"about":[{"href":"https:\/\/adprmsarat.ro\/platforma\/wp-json\/wp\/v2\/types\/page"}],"author":[{"embeddable":true,"href":"https:\/\/adprmsarat.ro\/platforma\/wp-json\/wp\/v2\/users\/1"}],"replies":[{"embeddable":true,"href":"https:\/\/adprmsarat.ro\/platforma\/wp-json\/wp\/v2\/comments?post=4630"}],"version-history":[{"count":3,"href":"https:\/\/adprmsarat.ro\/platforma\/wp-json\/wp\/v2\/pages\/4630\/revisions"}],"predecessor-version":[{"id":4673,"href":"https:\/\/adprmsarat.ro\/platforma\/wp-json\/wp\/v2\/pages\/4630\/revisions\/4673"}],"wp:attachment":[{"href":"https:\/\/adprmsarat.ro\/platforma\/wp-json\/wp\/v2\/media?parent=4630"}],"curies":[{"name":"wp","href":"https:\/\/api.w.org\/{rel}","templated":true}]}}