{"id":4623,"date":"2024-03-18T12:09:51","date_gmt":"2024-03-18T10:09:51","guid":{"rendered":"https:\/\/adprmsarat.ro\/platforma\/?page_id=4623"},"modified":"2024-03-18T12:09:51","modified_gmt":"2024-03-18T10:09:51","slug":"politica-de-cookie","status":"publish","type":"page","link":"https:\/\/adprmsarat.ro\/platforma\/politica-de-cookie\/","title":{"rendered":"POLITICA DE COOKIE"},"content":{"rendered":"<p>Platforma adprmsarat.ro apar\u021bin\u00e2nd Administra\u021biei Domeniului Public R\u00e2mnicu S\u0103rat folose\u0219te cookie-uri pentru a furniza vizitatorilor o experien\u021b\u0103 mult mai bun\u0103 de navigare \u0219i informa\u021bii adaptate nevoilor \u0219i interesului fiec\u0103ruia.<\/p>\n<p>\u00cen conformitate cu directiva \u201ee-intimitate\u201d a UE, \u00een vigoare de la 26 mai 2012 \u0219i cu prevederile legii nr. 506 din 17 noiembrie 2004 privind prelucrarea datelor cu caracter personal \u0219i protec\u021bia vie\u021bii private \u00een sectorul comunica\u021biilor electronice, vizitatorilor website-ului li se cere consim\u021b\u0103m\u00e2ntul \u00eenaintea transmiterii de cookies \u00een computerele acestora.<\/p>\n<p>&nbsp;<\/p>\n<p><strong>Ce este un \u201ecookie\u201d?<\/strong><\/p>\n<p>Un \u201eInternet Cookie\u201d (termen cunoscut \u0219i ca \u201ebrowser cookie\u201d, \u201eHTTP cookie\u201d sau pur \u0219i simplu \u201ecookie\u201d) este un fi\u0219ier de mici dimensiuni, format din litere \u0219i cifre, care va fi stocat pe computerul, terminalul mobil sau alte echipamente ale unui utilizator de pe care se acceseaz\u0103 Internetul. Cookie-ul este instalat prin solicitarea emis\u0103 de c\u0103tre un web-server unui browser (ex: Internet Explorer, Chrome) \u0219i este complet \u201epasiv\u201d (nu con\u021bine programe software, viru\u0219i sau spyware \u0219i nu poate accesa informa\u021biile de pe hard drive-ul utilizatorului).<\/p>\n<p>&nbsp;<\/p>\n<p><strong>Ce cookie-uri folosim?<\/strong><\/p>\n<p>Domeniul adprmsarat.ro nu utilizeaz\u0103 module cookie pentru a culege, a prelucra, a difuza sau a \u00eenregistra date cu caracter personal.<\/p>\n<p><strong>\u00a0<\/strong><\/p>\n<p><strong>Scopul \u0219i utilizarea modulelor cookie<\/strong><\/p>\n<p>\u201eCookie\u201d-urile joac\u0103 un rol important \u00een facilitarea accesului \u0219i livr\u0103rii multiplelor servicii de care utilizatorul se bucur\u0103 pe Internet, cum ar fi:<\/p>\n<ul>\n<li>Personalizarea anumitor set\u0103ri precum:<\/li>\n<li>limba \u00een care este vizualizat un site;<\/li>\n<li>moneda \u00een care se exprim\u0103 anumite pre\u021buri sau tarife;<\/li>\n<li>p\u0103strarea op\u021biunilor pentru diverse produse (m\u0103suri, alte detalii etc.) \u00een co\u0219ul de cump\u0103r\u0103turi (\u0219i memorarea acestor op\u021biuni) \u2013 gener\u00e2ndu-se astfel flexibilitatea \u201eco\u0219ului de cump\u0103r\u0103turi\u201d;<\/li>\n<li>accesarea preferin\u021belor vechi prin accesarea butonului \u201e\u00cenainte\u201d \u0219i \u201e\u00cenapoi\u201d.<\/li>\n<li>Cookie-urile ofer\u0103 de\u021bin\u0103torilor de site-uri feedback asupra modului cum sunt utilizate site-urile lor de c\u0103tre utilizatori, astfel \u00eenc\u00e2t s\u0103 le poat\u0103 face \u0219i mai eficiente \u0219i mai accesibile pentru utilizatori;<\/li>\n<li>Permit aplica\u021biilor multimedia sau de alt tip de pe alte site-uri s\u0103 fie incluse \u00eentr-un anumit site pentru a crea o experien\u021b\u0103 de navigare mai valoroas\u0103, mai util\u0103 \u0219i mai pl\u0103cut\u0103;<\/li>\n<li>\u00cembun\u0103t\u0103\u021besc eficien\u021ba publicit\u0103\u021bii online.<\/li>\n<\/ul>\n<p><strong>\u00a0<\/strong><\/p>\n<p><strong>Care sunt avantajele cookie-urilor?<\/strong><\/p>\n<p>Un cookie con\u021bine informa\u021bii care fac leg\u0103tura \u00eentre un web-browser (utilizator) \u0219i un web-server anume (website-ul). Dac\u0103 un browser acceseaz\u0103 acel web-server din nou, acesta poate citi informa\u021bia deja stocat\u0103 \u0219i reac\u021biona \u00een consecin\u021b\u0103. Cookie-urile asigur\u0103 utilizatorilor o experien\u021b\u0103 pl\u0103cut\u0103 de navigare \u0219i sus\u021bin eforturile multor website-uri pentru a oferi servicii confortabile utilizatorilor: ex \u2013 preferin\u021bele \u00een materie de confiden\u021bialitate online, op\u021biunile privind limba site-ului, co\u0219uri de cump\u0103r\u0103turi sau publicitate relevant\u0103.<\/p>\n<p><strong>\u00a0<\/strong><\/p>\n<p><strong>Care este durata de via\u021b\u0103 a unui cookie?<\/strong><\/p>\n<p>Cookie-urile sunt administrate de web servere. Durata de via\u021b\u0103 a unui cookie poate varia semnificativ, depinz\u00e2nd de scopul pentru care este plasat. Unele cookie-uri sunt folosite exclusiv pentru o singur\u0103 sesiune (session cookies) \u0219i nu mai sunt re\u021binute, odat\u0103 ce utilizatorul a p\u0103r\u0103sit website-ul, \u00een timp ce alte cookie-uri sunt re\u021binute \u0219i refolosite de fiecare dat\u0103 c\u00e2nd utilizatorul revine pe acel website (\u2018cookie-uri persistente\u2019). Cu toate acestea, cookie-urile pot fi \u0219terse de un utilizator \u00een orice moment prin intermediul set\u0103rilor browserului.<\/p>\n<p><strong>\u00a0<\/strong><\/p>\n<p><strong>Ce sunt cookie-urile plasate de ter\u021bi?<\/strong><\/p>\n<p>Anumite sec\u021biuni de con\u021binut de pe unele site-uri pot fi furnizate prin intermediul unor ter\u021be p\u0103r\u021bi \/ furnizori (ex.: news-box, un video sau o reclam\u0103). Aceste ter\u021be p\u0103r\u021bi pot plasa cookie-uri prin intermediul altui website \u0219i ele se numesc \u201ethird party cookies\u201d pentru c\u0103 nu sunt plasate de proprietarul website-ului respectiv. Furnizorii ter\u021bi trebuie s\u0103 respecte de asemenea legea \u00een vigoare \u0219i politicile de confiden\u021bialitate ale de\u021bin\u0103torului site-ului.<\/p>\n<p>Aceste cookie-uri pot proveni de la urm\u0103torii ter\u021bi: facebook.com, twitter.com, etc.<\/p>\n<p><em>\u00a0<\/em><\/p>\n<p><strong>Cum sunt folosite cookie-urile de c\u0103tre website?<\/strong><\/p>\n<p>O vizit\u0103 pe website poate plasa cookie-uri \u00een scopuri de:<\/p>\n<ul>\n<li>cre\u0219tere a performan\u021bei website-ului;<\/li>\n<li>analiz\u0103 a vizitatorilor;<\/li>\n<li>geotargetting;<\/li>\n<li>\u00eenregistrare a utilizatorilor.<\/li>\n<\/ul>\n<p><strong>Ce tip de informa\u021bii sunt stocate \u0219i accesate prin intermediul cookie-urilor?<\/strong><\/p>\n<p>Cookie-urile p\u0103streaz\u0103 informa\u021bii \u00eentr-un fi\u0219ier text de mici dimensiuni, care permit unui website s\u0103 recunoasc\u0103 un browser. Web-serverul va recunoa\u0219te browserul, p\u00e2n\u0103 c\u00e2nd cookie-ul expir\u0103 sau este \u0219ters. Cookie-ul stocheaz\u0103 informa\u021bii importante, care \u00eembun\u0103t\u0103\u021besc experien\u021ba de navigare pe Internet, de exemplu:<\/p>\n<ul>\n<li>set\u0103rile limbii \u00een care se dore\u0219te accesarea unui site;<\/li>\n<li>p\u0103strarea unui utilizator logat \u00een contul de webmail;<\/li>\n<li>securitatea online banking;<\/li>\n<li>p\u0103strarea produselor \u00een co\u0219ul de cump\u0103r\u0103turi.<\/li>\n<\/ul>\n<p><strong>\u00a0<\/strong><\/p>\n<p><strong>De ce sunt cookie-urile importante pentru Internet?<\/strong><\/p>\n<p>Cookie-urile reprezint\u0103 punctul central al func\u021bion\u0103rii eficiente a Internetului, ajut\u00e2nd la generarea unei experien\u021be de navigare prietenoase \u0219i adaptat\u0103 preferin\u021belor \u0219i intereselor fiec\u0103rui utilizator.\u00a0<strong>Refuzarea sau dezactivarea cookie-urilor poate face unele website-uri imposibil de folosit. Refuzarea sau dezactivarea cookie-urilor nu \u00eenseamn\u0103 c\u0103 utilizatorul nu va mai primi publicitate online<\/strong>\u00a0\u2013 ci doar c\u0103 aceasta nu va mai putea \u021bine cont de preferin\u021bele \u0219i interesele utilizatorului, eviden\u021biate prin comportamentul de navigare.<\/p>\n<p><em>\u00a0<\/em><\/p>\n<p><strong>Securitate si probleme legate de confiden\u021bialitate<\/strong><\/p>\n<p>Cookie-urile NU sunt viru\u0219i! Ele folosesc formate tip plain text. Nu sunt alc\u0103tuite din buc\u0103\u021bi de cod, a\u0219a c\u0103 nu pot fi executate, nici nu pot rula \u00een mod automat. \u00cen consecin\u021b\u0103, nu se pot duplica sau replica pe alte re\u021bele pentru a rula sau a se replica din nou. Deoarece nu pot \u00eendeplini aceste func\u021bii, nu pot fi considerate viru\u0219i. Cookie-urile pot fi, totu\u0219i, folosite pentru scopuri negative. Deoarece stocheaz\u0103 informa\u021bii despre preferin\u021bele \u0219i istoricul de navigare al utilizatorilor, at\u00e2t pe un anume website c\u00e2t \u0219i pe alte website-uri, cookie-urile pot fi folosite ca o form\u0103 de Spyware. Multe produse anti-spyware sunt con\u0219tiente de acest fapt \u0219i, \u00een mod constant, marcheaz\u0103 cookie-urile pentru a fi \u0219terse, \u00een cadrul procedurilor de \u0219tergere\/scanare anti-virus\/anti-spyware. \u00cen general, browserele au integrate reglaje de confiden\u021bialitate, care furnizeaz\u0103 diferite nivele de acceptare a cookie-urilor, perioada de valabilitate \u0219i \u0219tergere automat\u0103 dup\u0103 ce utilizatorul a vizitat un anumit site.<\/p>\n<p><em>\u00a0<\/em><\/p>\n<p><strong>Alte aspecte de securitate legate de cookie-uri<\/strong><\/p>\n<p>Deoarece protec\u021bia identit\u0103\u021bii este foarte valoroas\u0103 \u0219i reprezint\u0103 dreptul fiec\u0103rui utilizator de Internet, este indicat s\u0103 se \u0219tie ce eventuale probleme pot crea cookie-urile.<\/p>\n<p>Pentru c\u0103 prin intermediul lor se transmit \u00een mod constant, \u00een ambele sensuri, informa\u021bii \u00eentre browser \u0219i website, dac\u0103 un atacator sau persoan\u0103 neautorizat\u0103 intervine \u00een parcursul de transmitere a datelor, informa\u021biile con\u021binute de cookie pot fi interceptate. De\u0219i foarte rar, acest lucru se poate \u00eent\u00e2mpla dac\u0103 browserul se conecteaz\u0103 la server folosind o re\u021bea necriptat\u0103 (ex.: o re\u021bea Wi-Fi nesecurizat\u0103).<\/p>\n<p>Cookie-urile sunt pretutindeni \u0219i nu pot fi evitate, dac\u0103 dori\u021bi s\u0103 v\u0103 bucura\u021bi de acces pe cele mai bune \u0219i cele mai mari site-uri de pe Internet \u2013 locale sau interna\u021bionale. Cu o \u00een\u021belegere clar\u0103 a modului lor de operare \u015fi a beneficiilor pe care le aduc, pute\u021bi lua m\u0103surile necesare de securitate, astfel \u00eenc\u00e2t s\u0103 pute\u021bi naviga cu \u00eencredere pe Internet.<\/p>\n<p><em>\u00a0<\/em><\/p>\n<p><strong>Cum proceda\u021bi dac\u0103 nu dori\u021bi s\u0103 fie instalate module cookie pe computerul dumneavoastr\u0103?<\/strong><\/p>\n<p>Exist\u0103 persoane pentru care stocarea unor informa\u021bii extrase din computerul sau dispozitivul lor mobil are un caracter relativ invaziv, mai ales atunci c\u00e2nd informa\u021biile \u00een cauz\u0103 sunt stocate \u0219i utilizate de c\u0103tre ter\u021bi care le sunt necunoscu\u021bi. Dac\u0103 prefera\u021bi, ave\u021bi posibilitatea de a bloca toate modulele cookie sau doar pe unele dintre acestea ori chiar de a elimina module cookie care au fost instalate pe terminalul dumneavoastr\u0103. Fi\u021bi \u00eens\u0103 con\u0219tient de faptul c\u0103 risca\u021bi s\u0103 nu pute\u021bi utiliza anumite func\u021bii. Pentru a activa acest blocaj, trebuie s\u0103 modifica\u021bi parametrii de confiden\u021bialitate ai browserului. Unii operatori ter\u021bi au elaborat instrumente ale c\u0103ror module permit s\u0103 se dezactiveze culegerea \u0219i utilizarea datelor. Dezactivarea \u0219i refuzul de a primi cookie-uri pot face anumite site-uri impracticabile sau dificil de vizitat \u0219i folosit. De asemenea, refuzul de a accepta cookie-uri nu \u00eenseamn\u0103 c\u0103 utilizatorul nu va mai primi \/ vedea publicitate online. Este posibil\u0103 reglarea din browser pentru ca aceste cookie-uri s\u0103 nu mai fie acceptate, sau se poate regla browserul s\u0103 accepte cookie-uri de la un anumit website. Dar, de exemplu, daca un utilizator nu este \u00eenregistrat folosind cookie-urile, nu va putea l\u0103sa comentarii. Toate browserele moderne ofer\u0103 posibilitatea de a schimba reglajele cookie-urilor.<\/p>\n<p>Aceste reglaje se g\u0103sesc, de regul\u0103, \u00een meniurile (butoanele) \u201eOp\u021biuni\u201d, \u201eReglaje\u201d sau \u201ePreferin\u021be\u201d ale browserului.<\/p>\n<p>Pute\u021bi afla mai multe despre modul \u00een care prelucr\u0103m datele dumneavoastr\u0103 personale \u0219i despre cum ne pute\u021bi contacta din Politica de Confidentialitate.<\/p>\n<p>\u00cen cazul \u00een care dori\u021bi o setare mai granular\u0103 a cookie-urilor, acest lucru se poate face din setarile browser-ului. Toate browser-ele moderne ofer\u0103 posibilitatea de a schimba set\u0103rile cookie-urilor. Aceste set\u0103ri se gasesc de regul\u0103 \u00een &#8222;op\u021biuni&#8221; sau \u00een meniul de &#8222;preferin\u021be&#8221; al browser-ului web.<\/p>\n<p>&nbsp;<\/p>\n<p>Pentru a \u00een\u021belege aceste set\u0103ri, urm\u0103toarele linkuri pot fi folositoare sau pute\u021bi folosi op\u021biunea &#8222;ajutor&#8221; a browser-ului pentru mai multe detalii:<\/p>\n<ul>\n<li><strong>Set\u0103ri cookie \u00een\u00a0<a href=\"https:\/\/support.mozilla.org\/en-US\/kb\/enable-and-disable-cookies-website-preferences\">Firefox<\/a><\/strong><\/li>\n<li><strong>Set\u0103ri cookie \u00een\u00a0<a href=\"https:\/\/support.google.com\/chrome\/answer\/95647?hl=en&amp;hlrm=en\">Chrome<\/a><\/strong><\/li>\n<li><strong>Set\u0103ri cookie \u00een\u00a0<a href=\"https:\/\/privacy.microsoft.com\/en-us\/windows-10-microsoft-edge-and-privacy\">Edge<\/a><\/strong><\/li>\n<li><strong>Set\u0103ri cookie \u00een\u00a0<a href=\"https:\/\/support.microsoft.com\/en-us\/help\/17442\/windows-internet-explorer-delete-manage-cookies#ie=ie-11\">Internet Explorer<\/a><\/strong><\/li>\n<li><strong>Set\u0103ri cookie \u00een\u00a0<a href=\"https:\/\/support.apple.com\/guide\/safari\/manage-cookies-and-website-data-sfri11471\/mac\">Safari<\/a><\/strong><\/li>\n<li><strong>Set\u0103ri cookie \u00een\u00a0<a href=\"https:\/\/www.opera.com\/help\/tutorials\/security\/privacy\/\">Opera<\/a><\/strong><\/li>\n<\/ul>\n<p>Pentru a \u0219ti tot ce trebuie despre cookie-uri, inclusiv cum le pute\u021bi \u0219terge de pe calculatorul sau dispozitivul dumneavoastr\u0103, v\u0103 rug\u0103m s\u0103 accesa\u021bi:<strong>\u00a0<a href=\"https:\/\/www.cookiebot.com\/en\/internet-cookies\/\">https:\/\/www.cookiebot.com\/en\/internet-cookies\/<\/a><\/strong><\/p>\n","protected":false},"excerpt":{"rendered":"<p>Platforma adprmsarat.ro apar\u021bin\u00e2nd Administra\u021biei Domeniului Public R\u00e2mnicu S\u0103rat folose\u0219te cookie-uri pentru a furniza vizitatorilor o experien\u021b\u0103 mult mai bun\u0103 de navigare \u0219i informa\u021bii adaptate nevoilor \u0219i interesului fiec\u0103ruia. \u00cen conformitate cu directiva \u201ee-intimitate\u201d a UE, \u00een vigoare de la 26 mai 2012 \u0219i cu prevederile legii nr. 506 din 17 noiembrie 2004 privind prelucrarea datelor [&hellip;]<\/p>\n","protected":false},"author":1,"featured_media":0,"parent":0,"menu_order":0,"comment_status":"closed","ping_status":"closed","template":"","meta":{"footnotes":""},"class_list":["post-4623","page","type-page","status-publish"],"_links":{"self":[{"href":"https:\/\/adprmsarat.ro\/platforma\/wp-json\/wp\/v2\/pages\/4623","targetHints":{"allow":["GET"]}}],"collection":[{"href":"https:\/\/adprmsarat.ro\/platforma\/wp-json\/wp\/v2\/pages"}],"about":[{"href":"https:\/\/adprmsarat.ro\/platforma\/wp-json\/wp\/v2\/types\/page"}],"author":[{"embeddable":true,"href":"https:\/\/adprmsarat.ro\/platforma\/wp-json\/wp\/v2\/users\/1"}],"replies":[{"embeddable":true,"href":"https:\/\/adprmsarat.ro\/platforma\/wp-json\/wp\/v2\/comments?post=4623"}],"version-history":[{"count":1,"href":"https:\/\/adprmsarat.ro\/platforma\/wp-json\/wp\/v2\/pages\/4623\/revisions"}],"predecessor-version":[{"id":4624,"href":"https:\/\/adprmsarat.ro\/platforma\/wp-json\/wp\/v2\/pages\/4623\/revisions\/4624"}],"wp:attachment":[{"href":"https:\/\/adprmsarat.ro\/platforma\/wp-json\/wp\/v2\/media?parent=4623"}],"curies":[{"name":"wp","href":"https:\/\/api.w.org\/{rel}","templated":true}]}}