{"id":2893,"date":"2022-01-28T20:55:30","date_gmt":"2022-01-28T20:55:30","guid":{"rendered":"https:\/\/adprmsarat.ro\/platforma\/?page_id=2893"},"modified":"2024-03-20T22:17:06","modified_gmt":"2024-03-20T20:17:06","slug":"despre-noi","status":"publish","type":"page","link":"https:\/\/adprmsarat.ro\/platforma\/despre-noi\/","title":{"rendered":"A.D.P. R\u00c2MNICU S\u0102RAT"},"content":{"rendered":"<div id=\"tdi_1\" class=\"tdc-zone\"><div class=\"tdc_zone tdi_2  wpb_row td-pb-row\"  >\n<style scoped>\n\/* custom css - generated by TagDiv Composer *\/\n\n\/* custom css - generated by TagDiv Composer *\/\n.tdi_2{\r\n                    min-height: 0;\r\n                }\n<\/style><div id=\"tdi_3\" class=\"tdc-row\"><div class=\"vc_row tdi_4  wpb_row td-pb-row\" >\n<style scoped>\n\/* custom css - generated by TagDiv Composer *\/\n\n\/* custom css - generated by TagDiv Composer *\/\n.tdi_4,\r\n                .tdi_4 .tdc-columns{\r\n                    min-height: 0;\r\n                }.tdi_4,\r\n\t\t\t\t.tdi_4 .tdc-columns{\r\n\t\t\t\t    display: block;\r\n\t\t\t\t}.tdi_4 .tdc-columns{\r\n\t\t\t\t    width: 100%;\r\n\t\t\t\t}.tdi_4:before,\r\n\t\t\t\t.tdi_4:after{\r\n\t\t\t\t    display: table;\r\n\t\t\t\t}\n<\/style><div class=\"vc_column tdi_6  wpb_column vc_column_container tdc-column td-pb-span12\">\n<style scoped>\n\/* custom css - generated by TagDiv Composer *\/\n\n\/* custom css - generated by TagDiv Composer *\/\n.tdi_6{\r\n                    vertical-align: baseline;\r\n                }.tdi_6 > .wpb_wrapper,\r\n\t\t\t\t.tdi_6 > .wpb_wrapper > .tdc-elements{\r\n\t\t\t\t    display: block;\r\n\t\t\t\t}.tdi_6 > .wpb_wrapper > .tdc-elements{\r\n\t\t\t\t    width: 100%;\r\n\t\t\t\t}.tdi_6 > .wpb_wrapper > .vc_row_inner{\r\n\t\t\t\t    width: auto;\r\n\t\t\t\t}.tdi_6 > .wpb_wrapper{\r\n\t\t\t\t    width: auto;\r\n\t\t\t\t    height: auto;\r\n\t\t\t\t}\n\/* inline tdc_css att - generated by TagDiv Composer *\/\n\n\/* desktop *\/ @media(min-width: 1141px) { .tdi_6 { \ndisplay:none !important;\n} }\n\n<\/style><div class=\"wpb_wrapper\" ><\/div><\/div><\/div><\/div><div id=\"tdi_7\" class=\"tdc-row stretch_row_1400 td-stretch-content\"><div class=\"vc_row tdi_8  wpb_row td-pb-row tdc-element-style\" >\n<style scoped>\n\/* custom css - generated by TagDiv Composer *\/\n\n\/* custom css - generated by TagDiv Composer *\/\n.tdi_8,\r\n                .tdi_8 .tdc-columns{\r\n                    min-height: 0;\r\n                }.tdi_8,\r\n\t\t\t\t.tdi_8 .tdc-columns{\r\n\t\t\t\t    display: block;\r\n\t\t\t\t}.tdi_8 .tdc-columns{\r\n\t\t\t\t    width: 100%;\r\n\t\t\t\t}.tdi_8:before,\r\n\t\t\t\t.tdi_8:after{\r\n\t\t\t\t    display: table;\r\n\t\t\t\t}\n\/* inline tdc_css att - generated by TagDiv Composer *\/\n\n.tdi_8{\nmargin-top:30px !important;\nmargin-bottom:30px !important;\nposition:relative;\n}\n\n.tdi_8 .td_block_wrap{ text-align:left }\n\n\/* landscape *\/\n@media (min-width: 1019px) and (max-width: 1140px)\n{\n.tdi_8{\nmargin-bottom:60px !important;\n}\n}\n\n\/* portrait *\/\n@media (min-width: 768px) and (max-width: 1018px)\n{\n.tdi_8{\nmargin-top:20px !important;\nmargin-bottom:40px !important;\n}\n}\n\n\/* phone *\/\n@media (max-width: 767px)\n{\n.tdi_8{\nmargin-top:20px !important;\nmargin-bottom:40px !important;\n}\n}\n\n<\/style>\n<div class=\"tdi_7_rand_style td-element-style\" ><div class=\"td-element-style-before\"><style>\n\/* custom css - generated by TagDiv Composer *\/\n\n.tdi_7_rand_style > .td-element-style-before {\ncontent:'' !important;\nwidth:100% !important;\nheight:100% !important;\nposition:absolute !important;\ntop:0 !important;\nleft:0 !important;\ndisplay:block !important;\nz-index:0 !important;\nbackground-repeat:no-repeat !important;\nbackground-position:right bottom !important;\nopacity:0.08 !important;\n}\n<\/style><\/div><\/div><div class=\"vc_column tdi_10  wpb_column vc_column_container tdc-column td-pb-span6\">\n<style scoped>\n\/* custom css - generated by TagDiv Composer *\/\n\n\/* custom css - generated by TagDiv Composer *\/\n.tdi_10{\r\n                    vertical-align: baseline;\r\n                }.tdi_10 > .wpb_wrapper,\r\n\t\t\t\t.tdi_10 > .wpb_wrapper > .tdc-elements{\r\n\t\t\t\t    display: block;\r\n\t\t\t\t}.tdi_10 > .wpb_wrapper > .tdc-elements{\r\n\t\t\t\t    width: 100%;\r\n\t\t\t\t}.tdi_10 > .wpb_wrapper > .vc_row_inner{\r\n\t\t\t\t    width: auto;\r\n\t\t\t\t}.tdi_10 > .wpb_wrapper{\r\n\t\t\t\t    width: auto;\r\n\t\t\t\t    height: auto;\r\n\t\t\t\t}\n\/* inline tdc_css att - generated by TagDiv Composer *\/\n\n\/* phone *\/\n@media (max-width: 767px)\n{\n.tdi_10{\nmargin-bottom:30px !important;\n}\n}\n\n<\/style><div class=\"wpb_wrapper\" ><div class=\"tdm_block td_block_wrap tdm_block_column_title tdi_11 tdm-content-horiz-left td-pb-border-top td_block_template_1\"  data-td-block-uid=\"tdi_11\" >\n<style>\n\/* custom css - generated by TagDiv Composer *\/\n.tdm_block_column_title{\r\n                  margin-bottom: 0;\r\n                  display: inline-block;\r\n                  width: 100%;\r\n                }\n<\/style><div class=\"td-block-row\"><div class=\"td-block-span12 tdm-col\">\n<style>\n\/* custom css - generated by TagDiv Composer *\/\nbody .tdi_12 .tdm-title{\r\n\t\t\t\t\tcolor: rgba(204,185,48,0.7);\r\n\t\t\t\t}.tdi_12 .tdm-title{\r\n\t\t\t\t\tfont-family:Playfair Display !important;font-size:16px !important;line-height:33px !important;font-weight:600 !important;text-transform:uppercase !important;\r\n\t\t\t\t}\n<\/style><div class=\"tds-title tds-title1 td-fix-index tdi_12 \"><h3 class=\"tdm-title tdm-title-sm\">DESPRE NOI<\/h3><\/div><\/div><\/div><\/div><div class=\"tdm_block td_block_wrap tdm_block_column_title tdi_13 tdm-content-horiz-left td-pb-border-top td_block_template_1\"  data-td-block-uid=\"tdi_13\" ><div class=\"td-block-row\"><div class=\"td-block-span12 tdm-col\">\n<style>\n\/* custom css - generated by TagDiv Composer *\/\nbody .tdi_14 .tdm-title{\r\n\t\t\t\t\tcolor: #3a3a15;\r\n\t\t\t\t}.tdi_14 .tdm-title{\r\n\t\t\t\t\tfont-family:Playfair Display !important;font-size:42px !important;line-height:50px !important;font-weight:400 !important;\r\n\t\t\t\t}\n\n\/* portrait *\/\n@media (min-width: 768px) and (max-width: 1018px){\n.tdi_14 .tdm-title{\r\n\t\t\t\t\tfont-size:36px !important;line-height:46px !important;\r\n\t\t\t\t}\n}\n\n\/* phone *\/\n@media (max-width: 767px){\n.tdi_14 .tdm-title{\r\n\t\t\t\t\tfont-size:32px !important;\r\n\t\t\t\t}\n}\n<\/style><div class=\"tds-title tds-title1 td-fix-index tdi_14 \"><h3 class=\"tdm-title tdm-title-bg\">Administra\u0163ia Domeniului Public R\u00e2mnicu S\u0103rat<\/h3><\/div><\/div><\/div><\/div><div class=\"tdm_block td_block_wrap tdm_block_inline_image tdi_15 td-animation-stack tdm-inline-block tdm-content-horiz-left td-pb-border-top td_block_template_1\"  data-td-block-uid=\"tdi_15\" >\n<style>\n\/* custom css - generated by TagDiv Composer *\/\n.tdm_block.tdm_block_inline_image{\r\n                  position: relative;\r\n                  margin-bottom: 0;\r\n                  line-height: 0;\r\n                  overflow: hidden;\r\n                }.tdm_block.tdm_block_inline_image .tdm-inline-image-wrap{\r\n                  position: relative;\r\n                  display: inline-block;\r\n                }.tdm_block.tdm_block_inline_image .td-image-video-modal{\r\n                  cursor: pointer;\r\n                }.tdm_block.tdm_block_inline_image .tdm-caption{\r\n                  width: 100%;\r\n                  font-family: Verdana, BlinkMacSystemFont, -apple-system, \"Segoe UI\", Roboto, Oxygen, Ubuntu, Cantarell, \"Open Sans\", \"Helvetica Neue\", sans-serif;\r\n                  padding-top: 6px;\r\n                  padding-bottom: 6px;\r\n                  font-size: 12px;\r\n                  font-style: italic;\r\n                  font-weight: normal;\r\n                  line-height: 17px;\r\n                  color: #444;\r\n                }.tdm_block.tdm_block_inline_image.tdm-caption-over-image .tdm-caption{\r\n                  position: absolute;\r\n                  left: 0;\r\n                  bottom: 0;\r\n                  margin-top: 0;\r\n                  padding-left: 10px;\r\n                  padding-right: 10px;\r\n                  width: 100%;\r\n                  background: rgba(0, 0, 0, 0.7);\r\n                  color: #fff;\r\n                }.tdi_15 .tdm-inline-image-wrap:hover:before{\r\n                    opacity: 0;\r\n                }.tdi_15 .tdm-image{\r\n\t\t\t\t\tborder-color:  #eaeaea;\r\n\t\t\t\t}\n<\/style><div class=\"tdm-inline-image-wrap \" ><img decoding=\"async\" class=\"tdm-image td-fix-index td-lazy-img\" src=\"data:image\/png;base64,iVBORw0KGgoAAAANSUhEUgAAArgAAAG0AQMAAADjJMaKAAAAA1BMVEWurq51dlI4AAAAAXRSTlMmkutdmwAAADxJREFUeNrtwQENAAAAwiD7pzbHN2AAAAAAAAAAAAAAAAAAAAAAAAAAAAAAAAAAAAAAAAAAAAAAAAAAUQeV4AAB10TPnAAAAABJRU5ErkJggg==\" data-type=\"image_tag\" data-img-url=\"https:\/\/adprmsarat.ro\/platforma\/wp-content\/uploads\/2021\/12\/264092835_4188099004629220_6657893539818271081_n-696x522.jpg\"  title=\"264092835_4188099004629220_6657893539818271081_n\" width=\"696\" height=\"522\"><\/div><\/div><div class=\"tdm_block td_block_wrap tdm_block_column_title tdi_16 tdm-content-horiz-left td-pb-border-top td_block_template_1\"  data-td-block-uid=\"tdi_16\" ><div class=\"td-block-row\"><div class=\"td-block-span12 tdm-col\">\n<style>\n\/* custom css - generated by TagDiv Composer *\/\nbody .tdi_17 .tdm-title{\r\n\t\t\t\t\tcolor: rgba(0,0,0,0.7);\r\n\t\t\t\t}.tdi_17 .tdm-title{\r\n\t\t\t\t\tfont-size:15px !important;line-height:35px !important;font-weight:400 !important;\r\n\t\t\t\t}\n<\/style><div class=\"tds-title tds-title1 td-fix-index tdi_17 \"><h3 class=\"tdm-title tdm-title-xxsm\"><div align=\"justify\">         Administra\u0163ia Domeniului Public R\u00e2mnicu S\u0103rat se afl\u0103 sub autoritatea Consiliului Local \u0219i func\u0163ioneaz\u0103 ca institu\u0163ie public\u0103 de interes local cu personalitate juridic\u0103. Sediul Administra\u021biei Domeniului Public R\u00e2mnicu S\u0103rat este \u00een str.Armoniei nr.58 bis.\n<br><br>\nAdministra\u0163ia Domeniului Public R\u00e2mnicu S\u0103rat a fost \u00eenfiin\u0163at\u0103 \u00een luna mai 1994, ca institu\u021bie public\u0103 de interes local cu personalitate juridic\u0103 (ordonator ter\u0163iar) sub autoritatea Consiliului Local al municipiului R\u00e2mnicu S\u0103rat (ordonatorul principal).\n<\/div><\/h3><\/div><\/div><\/div><\/div><\/div><\/div><div class=\"vc_column tdi_19  wpb_column vc_column_container tdc-column td-pb-span6\">\n<style scoped>\n\/* custom css - generated by TagDiv Composer *\/\n\n\/* custom css - generated by TagDiv Composer *\/\n.tdi_19{\r\n                    vertical-align: baseline;\r\n                }.tdi_19 > .wpb_wrapper,\r\n\t\t\t\t.tdi_19 > .wpb_wrapper > .tdc-elements{\r\n\t\t\t\t    display: block;\r\n\t\t\t\t}.tdi_19 > .wpb_wrapper > .tdc-elements{\r\n\t\t\t\t    width: 100%;\r\n\t\t\t\t}.tdi_19 > .wpb_wrapper > .vc_row_inner{\r\n\t\t\t\t    width: auto;\r\n\t\t\t\t}.tdi_19 > .wpb_wrapper{\r\n\t\t\t\t    width: auto;\r\n\t\t\t\t    height: auto;\r\n\t\t\t\t}\n\/* inline tdc_css att - generated by TagDiv Composer *\/\n\n.tdi_19{\npadding-left:60px !important;\n}\n\n\/* portrait *\/\n@media (min-width: 768px) and (max-width: 1018px)\n{\n.tdi_19{\npadding-left:20px !important;\n}\n}\n\n\/* phone *\/\n@media (max-width: 767px)\n{\n.tdi_19{\npadding-left:0px !important;\n}\n}\n\n\/* landscape *\/\n@media (min-width: 1019px) and (max-width: 1140px)\n{\n.tdi_19{\npadding-left:30px !important;\n}\n}\n\n<\/style><div class=\"wpb_wrapper\" ><div class=\"tdm_block td_block_wrap tdm_block_column_title tdi_20 tdm-content-horiz-left td-pb-border-top td_block_template_1\"  data-td-block-uid=\"tdi_20\" ><div class=\"td-block-row\"><div class=\"td-block-span12 tdm-col\">\n<style>\n\/* custom css - generated by TagDiv Composer *\/\nbody .tdi_21 .tdm-title{\r\n\t\t\t\t\tcolor: rgba(0,0,0,0.7);\r\n\t\t\t\t}.tdi_21 .tdm-title{\r\n\t\t\t\t\tfont-size:15px !important;line-height:35px !important;font-weight:400 !important;\r\n\t\t\t\t}\n<\/style><div class=\"tds-title tds-title1 td-fix-index tdi_21 \"><h3 class=\"tdm-title tdm-title-xxsm\"><div align=\"justify\">Administra\u0163ia Domeniului Public R\u00e2mnicu S\u0103rat este o autoritate contractant\u0103, (organism de drept public la nivel local), pentru satisfacerea nevoilor de interes general ale cet\u0103\u0163enilor din municipiul R\u00e2mnicu S\u0103rat ce \u00eencheie contracte de achizi\u0163ie (de produse, servicii \u0219i lucr\u0103ri) \u00een \u00eendeplinirea atribu\u0163iilor ce \u00eei revin conform Regulamentului de Organizare \u015fi Func\u0163ionare, cu operatori economici (furnizori, prestatori, executan\u0163i).\n<br><br>\nStructura organizatoric\u0103 a Administra\u0163iei Domeniului Public R\u00e2mnicu S\u0103rat este \u00een conformitate cu hot\u0103r\u00e2rea \u00een vigoare a Consiliului Local al Municipiului R\u00e2mnicu S\u0103rat privind aprobarea organigramei, a num\u0103rului de posturi \u015fi a statului de func\u021bii ale Administra\u0163iei Domeniului Public R\u00e2mnicu S\u0103rat.\n<br><br>\nAdministra\u0163ia Domeniului Public R\u00e2mnicu S\u0103rat asigur\u0103 \u00een limita fondurilor bugetare aprobate repara\u0163ii \u0219i moderniz\u0103ri (bordurare, pavare, asfaltare, montare de mobilier stradal) la re\u021beaua stradal\u0103 aflat\u0103 \u00een administrarea Consiliului Local al municipiului R\u0103mnicu S\u0103rat, precum \u0219i realizarea de lucr\u0103ri de reglementare a semnelor de circula\u0163ie \u00een vederea desf\u0103\u0219ur\u0103rii normale a traficului rutier pietonal (parcaje, semnalizare rutier\u0103 orizontal\u0103 \u015fi vertical\u0103, lucr\u0103ri calmatoare de vitez\u0103, de avertizare, etc.) cu avizul comisiei tehnice de circula\u0163ie a municipiului R\u00e2mnicu S\u0103rat, asigur\u0103 \u00eentre\u0163inerea, amenajarea, reamenajarea \u0219i cur\u0103\u0163enia spa\u021biilor verzi, asigur\u0103 salubrizarea stradal\u0103 a municipiului, asigur\u0103 administrarea Cimitirului Eternitatea din municipiul R\u00e2mnicu S\u0103rat, asigur\u0103 administrarea Depozitului de de\u015feuri municipale din R\u00e2mnicu S\u0103rat, gestionarea c\u00e2inilor f\u0103r\u0103 st\u0103p\u00e2n de pe teritoriul municipiului R\u00e2mnicu S\u0103rat.\n<br><br>\nCheltuielile pentru activit\u0103\u0163ile desf\u0103\u015furate de Administra\u0163ia Domeniului Public R\u00e2mnicu S\u0103rat \u00een \u00eendeplinirea atribu\u0163iilor ce-i revin, se finan\u0163eaz\u0103 de la bugetul local pentru lucr\u0103rile efectuate pe domeniul public.\n<br><br>\n\u00cen situa\u0163ia \u00een care institu\u0163ia nu dispune de personal suficient pentru \u00eendeplinirea unor lucr\u0103ri sau personalul existent nu are preg\u0103tirea profesional\u0103 necesar\u0103 pentru ini\u021bierea \u0219i executarea anumitor activit\u0103\u0163i, proceduri etc., se vor putea \u00eencheia, \u00een condi\u0163iile legii, contracte de consultan\u0163\u0103 sau prest\u0103ri sevicii cu ter\u021bii. \n\n<\/div><\/h3><\/div><\/div><\/div><\/div><\/div><\/div><\/div><\/div><\/div><\/div>","protected":false},"excerpt":{"rendered":"","protected":false},"author":1,"featured_media":0,"parent":0,"menu_order":0,"comment_status":"closed","ping_status":"closed","template":"","meta":{"footnotes":""},"class_list":["post-2893","page","type-page","status-publish"],"_links":{"self":[{"href":"https:\/\/adprmsarat.ro\/platforma\/wp-json\/wp\/v2\/pages\/2893","targetHints":{"allow":["GET"]}}],"collection":[{"href":"https:\/\/adprmsarat.ro\/platforma\/wp-json\/wp\/v2\/pages"}],"about":[{"href":"https:\/\/adprmsarat.ro\/platforma\/wp-json\/wp\/v2\/types\/page"}],"author":[{"embeddable":true,"href":"https:\/\/adprmsarat.ro\/platforma\/wp-json\/wp\/v2\/users\/1"}],"replies":[{"embeddable":true,"href":"https:\/\/adprmsarat.ro\/platforma\/wp-json\/wp\/v2\/comments?post=2893"}],"version-history":[{"count":14,"href":"https:\/\/adprmsarat.ro\/platforma\/wp-json\/wp\/v2\/pages\/2893\/revisions"}],"predecessor-version":[{"id":4693,"href":"https:\/\/adprmsarat.ro\/platforma\/wp-json\/wp\/v2\/pages\/2893\/revisions\/4693"}],"wp:attachment":[{"href":"https:\/\/adprmsarat.ro\/platforma\/wp-json\/wp\/v2\/media?parent=2893"}],"curies":[{"name":"wp","href":"https:\/\/api.w.org\/{rel}","templated":true}]}}